{"id":1728,"date":"2018-12-20T08:54:39","date_gmt":"2018-12-20T07:54:39","guid":{"rendered":"http:\/\/stanislas-nice.com\/site\/?page_id=1728"},"modified":"2018-12-22T08:36:31","modified_gmt":"2018-12-22T07:36:31","slug":"collectivites-locales","status":"publish","type":"page","link":"https:\/\/stanislas-nice.com\/site\/collectivites-locales\/","title":{"rendered":"Collectivit\u00e9s locales"},"content":{"rendered":"<p>[vc_row][vc_column][vc_column_text]<\/p>\n<p><strong><u>COLLECTIVIT\u00c9S LOCALES\u00a0:<\/u><\/strong><\/p>\n<p style=\"text-align: justify;\">L\u2019Institution Stanislas est li\u00e9e par son \u00c9cole \u00e0 la Ville de Nice, par son Coll\u00e8ge au D\u00e9partement des Alpes Maritimes et par son Lyc\u00e9e \u00e0 la R\u00e9gion Sud (Provence \u2013 Alpes \u2013 C\u00f4te d\u2019Azur).<\/p>\n<p style=\"text-align: justify;\">Ces trois partenaires peuvent venir \u00e0 divers titres en soutien de l\u2019\u00e9tablissement.<\/p>\n<p style=\"text-align: justify;\">Les collaborations sont diverses\u00a0: les diff\u00e9rentes collectivit\u00e9s locales mettent \u00e0 disposition des \u00e9tablissement publics et priv\u00e9s sous contrat des ressources p\u00e9dagogiques et accompagnent souvent le d\u00e9veloppement du num\u00e9rique. Le D\u00e9partement et la R\u00e9gion sont aussi charg\u00e9s de soutenir les \u00e9tablissements de l\u2019enseignement priv\u00e9 sous contrat \u00e0 l\u2019aide du Forfait d\u2019Externat (contribution \u00e0 une partie de leurs co\u00fbts de fonctionnement) et, dans les limites pr\u00e9cises de la loi Falloux, peuvent \u00e9ventuellement soutenir une partie de leurs efforts d\u2019investissement. La ville participe finance de son c\u00f4t\u00e9 une partie du prix des repas des Primaires.<\/p>\n<p style=\"text-align: justify;\">Les trois collectivit\u00e9s locales ont enfin fourni ces derni\u00e8res ann\u00e9es un effort important pour contribuer \u00e0 la s\u00e9curisation des \u00e9tablissements.<\/p>\n<p style=\"text-align: justify;\"><img loading=\"lazy\" class=\"alignnone  wp-image-1715\" src=\"http:\/\/stanislas-nice.com\/site\/wp-content\/uploads\/2018\/12\/ville-de-nice.png\" alt=\"\" width=\"157\" height=\"108\" \/><\/p>\n<p><a href=\"http:\/\/www.nice.fr\/fr\/\">http:\/\/www.nice.fr\/fr\/<\/a><\/p>\n<p><img loading=\"lazy\" class=\"alignnone  wp-image-1703\" src=\"http:\/\/stanislas-nice.com\/site\/wp-content\/uploads\/2018\/12\/departement.png\" alt=\"\" width=\"299\" height=\"59\" srcset=\"https:\/\/stanislas-nice.com\/site\/wp-content\/uploads\/2018\/12\/departement.png 506w, https:\/\/stanislas-nice.com\/site\/wp-content\/uploads\/2018\/12\/departement-300x59.png 300w\" sizes=\"(max-width: 299px) 100vw, 299px\" \/><\/p>\n<p><a href=\"https:\/\/www.departement06.fr\/departement-des-alpes-maritimes-3.html\">https:\/\/www.departement06.fr\/departement-des-alpes-maritimes-3.html<\/a><\/p>\n<p><img loading=\"lazy\" class=\"alignnone  wp-image-1713\" src=\"http:\/\/stanislas-nice.com\/site\/wp-content\/uploads\/2018\/12\/region-sud.png\" alt=\"\" width=\"218\" height=\"125\" \/><\/p>\n<p><a href=\"https:\/\/www.maregionsud.fr\/\">https:\/\/www.maregionsud.fr\/<\/a><\/p>\n<p>[\/vc_column_text][\/vc_column][\/vc_row]<\/p>\n","protected":false},"excerpt":{"rendered":"<p>[vc_row][vc_column][vc_column_text]<br \/>\nCOLLECTIVIT\u00c9S LOCALES\u00a0:<br \/>\nL\u2019Institution Stanislas est li\u00e9e par son \u00c9cole \u00e0 la Ville de Nice, par son Coll\u00e8ge au D\u00e9partement des Alpes Maritimes et par son Lyc\u00e9e \u00e0 la R\u00e9gion Sud (Provence \u2013 Alpes \u2013 C\u00f4te d\u2019Azur).<br \/>\nCes trois partenaires peuvent venir \u00e0 divers titres en soutien de l\u2019\u00e9tablissement.<br \/>\nLes collaborations sont diverses\u00a0: les diff\u00e9rentes collectivit\u00e9s locales mettent \u00e0 disposition des \u00e9tablissement publics et priv\u00e9s sous contrat des ressources p\u00e9dagogiques et accompagnent souvent le d\u00e9veloppement du num\u00e9rique. Le D\u00e9partement et &#8230;<\/p>\n","protected":false},"author":3,"featured_media":0,"parent":0,"menu_order":0,"comment_status":"closed","ping_status":"closed","template":"template_leftnav.php","meta":{"_links_to":"","_links_to_target":""},"_links":{"self":[{"href":"https:\/\/stanislas-nice.com\/site\/wp-json\/wp\/v2\/pages\/1728"}],"collection":[{"href":"https:\/\/stanislas-nice.com\/site\/wp-json\/wp\/v2\/pages"}],"about":[{"href":"https:\/\/stanislas-nice.com\/site\/wp-json\/wp\/v2\/types\/page"}],"author":[{"embeddable":true,"href":"https:\/\/stanislas-nice.com\/site\/wp-json\/wp\/v2\/users\/3"}],"replies":[{"embeddable":true,"href":"https:\/\/stanislas-nice.com\/site\/wp-json\/wp\/v2\/comments?post=1728"}],"version-history":[{"count":6,"href":"https:\/\/stanislas-nice.com\/site\/wp-json\/wp\/v2\/pages\/1728\/revisions"}],"predecessor-version":[{"id":1798,"href":"https:\/\/stanislas-nice.com\/site\/wp-json\/wp\/v2\/pages\/1728\/revisions\/1798"}],"wp:attachment":[{"href":"https:\/\/stanislas-nice.com\/site\/wp-json\/wp\/v2\/media?parent=1728"}],"curies":[{"name":"wp","href":"https:\/\/api.w.org\/{rel}","templated":true}]}}