{"id":1737,"date":"2018-12-20T09:11:44","date_gmt":"2018-12-20T08:11:44","guid":{"rendered":"http:\/\/stanislas-nice.com\/site\/?page_id=1737"},"modified":"2025-12-09T14:21:54","modified_gmt":"2025-12-09T13:21:54","slug":"partenariats-pedagogiques","status":"publish","type":"page","link":"https:\/\/stanislas-nice.com\/site\/partenariats-pedagogiques\/","title":{"rendered":"Partenariats d&rsquo;\u00e9tablissement"},"content":{"rendered":"<p>[vc_row][vc_column][vc_column_text]<strong>Le \u00ab\u00a0R\u00e9seau Stan\u00a0\u00bb\u00a0:<\/strong><\/p>\n<p style=\"text-align: justify;\">Dans le but de d\u00e9velopper une politique active de r\u00e9seau destin\u00e9e \u00e0 favoriser la dynamisation des enseignements, le partage d\u2019exp\u00e9rience ainsi que l\u2019\u00e9change et l\u2019orientation active des \u00e9l\u00e8ves, nous avons d\u00e9velopp\u00e9 une politique active de rapprochement entre quatre \u00e9tablissements plus ou moins \u00e9loign\u00e9s mais issus d\u2019une histoire et d\u2019une culture communes\u00a0: Stanislas Paris, Stanislas Cannes, Stanislas Montr\u00e9al et Stanislas Nice.<\/p>\n<p style=\"text-align: justify;\"><a href=\"http:\/\/stanislas-nice.com\/site\/wp-content\/uploads\/2018\/12\/montr\u00e9al.jpg\"><img loading=\"lazy\" class=\"alignnone size-full wp-image-1710\" src=\"http:\/\/stanislas-nice.com\/site\/wp-content\/uploads\/2018\/12\/montr\u00e9al.jpg\" alt=\"\" width=\"164\" height=\"164\" srcset=\"https:\/\/stanislas-nice.com\/site\/wp-content\/uploads\/2018\/12\/montr\u00e9al.jpg 164w, https:\/\/stanislas-nice.com\/site\/wp-content\/uploads\/2018\/12\/montr\u00e9al-150x150.jpg 150w\" sizes=\"(max-width: 164px) 100vw, 164px\" \/><\/a><\/p>\n<p><a href=\"http:\/\/www.stanislas.qc.ca\/montreal\/\">http:\/\/www.stanislas.qc.ca\/montreal\/<\/a><\/p>\n<p><img loading=\"lazy\" class=\"alignnone wp-image-1702\" src=\"http:\/\/stanislas-nice.com\/site\/wp-content\/uploads\/2018\/12\/cannes.png\" alt=\"\" width=\"124\" height=\"152\" \/><\/p>\n<p><a href=\"https:\/\/www.stanislas-cannes.com\/\">https:\/\/www.stanislas-cannes.com\/<\/a>[\/vc_column_text][\/vc_column][\/vc_row]<\/p>\n","protected":false},"excerpt":{"rendered":"<p>[vc_row][vc_column][vc_column_text]Le \u00ab\u00a0R\u00e9seau Stan\u00a0\u00bb\u00a0:<br \/>\nDans le but de d\u00e9velopper une politique active de r\u00e9seau destin\u00e9e \u00e0 favoriser la dynamisation des enseignements, le partage d\u2019exp\u00e9rience ainsi que l\u2019\u00e9change et l\u2019orientation active des \u00e9l\u00e8ves, nous avons d\u00e9velopp\u00e9 une politique active de rapprochement entre quatre \u00e9tablissements plus ou moins \u00e9loign\u00e9s mais issus d\u2019une histoire et d\u2019une culture communes\u00a0: Stanislas Paris, Stanislas Cannes, Stanislas Montr\u00e9al et Stanislas Nice.<\/p>\n<p>http:\/\/www.stanislas.qc.ca\/montreal\/<\/p>\n<p>https:\/\/www.stanislas-cannes.com\/[\/vc_column_text][\/vc_column][\/vc_row]<\/p>\n","protected":false},"author":3,"featured_media":0,"parent":0,"menu_order":0,"comment_status":"closed","ping_status":"closed","template":"template_leftnav.php","meta":{"_links_to":"","_links_to_target":""},"_links":{"self":[{"href":"https:\/\/stanislas-nice.com\/site\/wp-json\/wp\/v2\/pages\/1737"}],"collection":[{"href":"https:\/\/stanislas-nice.com\/site\/wp-json\/wp\/v2\/pages"}],"about":[{"href":"https:\/\/stanislas-nice.com\/site\/wp-json\/wp\/v2\/types\/page"}],"author":[{"embeddable":true,"href":"https:\/\/stanislas-nice.com\/site\/wp-json\/wp\/v2\/users\/3"}],"replies":[{"embeddable":true,"href":"https:\/\/stanislas-nice.com\/site\/wp-json\/wp\/v2\/comments?post=1737"}],"version-history":[{"count":3,"href":"https:\/\/stanislas-nice.com\/site\/wp-json\/wp\/v2\/pages\/1737\/revisions"}],"predecessor-version":[{"id":3967,"href":"https:\/\/stanislas-nice.com\/site\/wp-json\/wp\/v2\/pages\/1737\/revisions\/3967"}],"wp:attachment":[{"href":"https:\/\/stanislas-nice.com\/site\/wp-json\/wp\/v2\/media?parent=1737"}],"curies":[{"name":"wp","href":"https:\/\/api.w.org\/{rel}","templated":true}]}}