{"id":1743,"date":"2018-12-20T09:20:52","date_gmt":"2018-12-20T08:20:52","guid":{"rendered":"http:\/\/stanislas-nice.com\/site\/?page_id=1743"},"modified":"2018-12-20T09:22:10","modified_gmt":"2018-12-20T08:22:10","slug":"lespace-langues","status":"publish","type":"page","link":"https:\/\/stanislas-nice.com\/site\/lespace-langues\/","title":{"rendered":"L&rsquo;Espace Langues"},"content":{"rendered":"<p>[vc_row][vc_column][vc_column_text]<strong>\u00ab\u00a0L\u2019Espace Langues \u2013 Coaching\u00a0\u00bb<\/strong><\/p>\n<p style=\"text-align: justify;\">Pour favoriser le plus pr\u00e9cocement possible le dynamisme de nos jeunes en langue anglaise, l\u2019\u00c9cole Primaire a conclu un partenariat avec \u00ab\u00a0l\u2019Espace Langues \u2013 Coaching\u00a0\u00bb, qui propose un parcours adapt\u00e9 aux \u00e9l\u00e8ves de cycle 3, c\u2019est-\u00e0-dire jusqu\u2019en 6<sup>\u00e8me<\/sup>, si les parents sont int\u00e9ress\u00e9s. Les jeunes basculent ensuite vers GroupeSET Cambridge English \u00e0 partir de la 5<sup>\u00e8me<\/sup>.<\/p>\n<p style=\"text-align: justify;\"><img loading=\"lazy\" class=\"alignnone size-full wp-image-1705\" src=\"http:\/\/stanislas-nice.com\/site\/wp-content\/uploads\/2018\/12\/espace-langue.jpg\" alt=\"\" width=\"226\" height=\"109\" \/><\/p>\n<p><a href=\"http:\/\/www.langues-coaching.com\/fr\/\">http:\/\/www.langues-coaching.com\/fr\/<\/a>[\/vc_column_text][\/vc_column][\/vc_row]<\/p>\n","protected":false},"excerpt":{"rendered":"<p>[vc_row][vc_column][vc_column_text]\u00ab\u00a0L\u2019Espace Langues \u2013 Coaching\u00a0\u00bb<br \/>\nPour favoriser le plus pr\u00e9cocement possible le dynamisme de nos jeunes en langue anglaise, l\u2019\u00c9cole Primaire a conclu un partenariat avec \u00ab\u00a0l\u2019Espace Langues \u2013 Coaching\u00a0\u00bb, qui propose un parcours adapt\u00e9 aux \u00e9l\u00e8ves de cycle 3, c\u2019est-\u00e0-dire jusqu\u2019en 6\u00e8me, si les parents sont int\u00e9ress\u00e9s. Les jeunes basculent ensuite vers GroupeSET Cambridge English \u00e0 partir de la 5\u00e8me.<\/p>\n<p>http:\/\/www.langues-coaching.com\/fr\/[\/vc_column_text][\/vc_column][\/vc_row]<\/p>\n","protected":false},"author":3,"featured_media":0,"parent":0,"menu_order":0,"comment_status":"closed","ping_status":"closed","template":"template_leftnav.php","meta":{"_links_to":"","_links_to_target":""},"_links":{"self":[{"href":"https:\/\/stanislas-nice.com\/site\/wp-json\/wp\/v2\/pages\/1743"}],"collection":[{"href":"https:\/\/stanislas-nice.com\/site\/wp-json\/wp\/v2\/pages"}],"about":[{"href":"https:\/\/stanislas-nice.com\/site\/wp-json\/wp\/v2\/types\/page"}],"author":[{"embeddable":true,"href":"https:\/\/stanislas-nice.com\/site\/wp-json\/wp\/v2\/users\/3"}],"replies":[{"embeddable":true,"href":"https:\/\/stanislas-nice.com\/site\/wp-json\/wp\/v2\/comments?post=1743"}],"version-history":[{"count":2,"href":"https:\/\/stanislas-nice.com\/site\/wp-json\/wp\/v2\/pages\/1743\/revisions"}],"predecessor-version":[{"id":1745,"href":"https:\/\/stanislas-nice.com\/site\/wp-json\/wp\/v2\/pages\/1743\/revisions\/1745"}],"wp:attachment":[{"href":"https:\/\/stanislas-nice.com\/site\/wp-json\/wp\/v2\/media?parent=1743"}],"curies":[{"name":"wp","href":"https:\/\/api.w.org\/{rel}","templated":true}]}}