{"id":1746,"date":"2018-12-20T09:23:08","date_gmt":"2018-12-20T08:23:08","guid":{"rendered":"http:\/\/stanislas-nice.com\/site\/?page_id=1746"},"modified":"2018-12-20T09:27:49","modified_gmt":"2018-12-20T08:27:49","slug":"the-sds","status":"publish","type":"page","link":"https:\/\/stanislas-nice.com\/site\/the-sds\/","title":{"rendered":"The SDS"},"content":{"rendered":"<p>[vc_row][vc_column][vc_column_text]<strong>\u00ab\u00a0The Sustainable Design School\u00a0\u00bb<\/strong><\/p>\n<p style=\"text-align: justify;\">The Sustainable Design School, situ\u00e9e dans un cadre privil\u00e9gi\u00e9 \u00e0 Cagnes sur Mer en plein c\u0153ur de la C\u00f4te d\u2019Azur, propose \u00e0 ses \u00e9tudiants d\u2019apprendre le Design dans un cadre privil\u00e9gi\u00e9\u00a0: un campus de plus de 2000 m2 avec labo informatique, atelier, studio musique, studio photo, salle de cr\u00e9ativit\u00e9, etc.<\/p>\n<p style=\"text-align: justify;\">Elle soutient notre programme \u00ab\u00a0Stan\u2019Up\u00a0\u00bb.<\/p>\n<p style=\"text-align: justify;\"><a href=\"http:\/\/stanislas-nice.com\/site\/wp-content\/uploads\/2018\/12\/sds.png\"><img loading=\"lazy\" class=\"alignnone size-full wp-image-1714\" src=\"http:\/\/stanislas-nice.com\/site\/wp-content\/uploads\/2018\/12\/sds.png\" alt=\"\" width=\"133\" height=\"121\" \/><\/a><\/p>\n<p><a href=\"http:\/\/www.the-sds.com\/fr\/\">http:\/\/www.the-sds.com\/fr\/<\/a>[\/vc_column_text][\/vc_column][\/vc_row]<\/p>\n","protected":false},"excerpt":{"rendered":"<p>[vc_row][vc_column][vc_column_text]\u00ab\u00a0The Sustainable Design School\u00a0\u00bb<br \/>\nThe Sustainable Design School, situ\u00e9e dans un cadre privil\u00e9gi\u00e9 \u00e0 Cagnes sur Mer en plein c\u0153ur de la C\u00f4te d\u2019Azur, propose \u00e0 ses \u00e9tudiants d\u2019apprendre le Design dans un cadre privil\u00e9gi\u00e9\u00a0: un campus de plus de 2000 m2 avec labo informatique, atelier, studio musique, studio photo, salle de cr\u00e9ativit\u00e9, etc.<br \/>\nElle soutient notre programme \u00ab\u00a0Stan\u2019Up\u00a0\u00bb.<\/p>\n<p>http:\/\/www.the-sds.com\/fr\/[\/vc_column_text][\/vc_column][\/vc_row]<\/p>\n","protected":false},"author":3,"featured_media":0,"parent":0,"menu_order":0,"comment_status":"closed","ping_status":"closed","template":"template_leftnav.php","meta":{"_links_to":"","_links_to_target":""},"_links":{"self":[{"href":"https:\/\/stanislas-nice.com\/site\/wp-json\/wp\/v2\/pages\/1746"}],"collection":[{"href":"https:\/\/stanislas-nice.com\/site\/wp-json\/wp\/v2\/pages"}],"about":[{"href":"https:\/\/stanislas-nice.com\/site\/wp-json\/wp\/v2\/types\/page"}],"author":[{"embeddable":true,"href":"https:\/\/stanislas-nice.com\/site\/wp-json\/wp\/v2\/users\/3"}],"replies":[{"embeddable":true,"href":"https:\/\/stanislas-nice.com\/site\/wp-json\/wp\/v2\/comments?post=1746"}],"version-history":[{"count":4,"href":"https:\/\/stanislas-nice.com\/site\/wp-json\/wp\/v2\/pages\/1746\/revisions"}],"predecessor-version":[{"id":1750,"href":"https:\/\/stanislas-nice.com\/site\/wp-json\/wp\/v2\/pages\/1746\/revisions\/1750"}],"wp:attachment":[{"href":"https:\/\/stanislas-nice.com\/site\/wp-json\/wp\/v2\/media?parent=1746"}],"curies":[{"name":"wp","href":"https:\/\/api.w.org\/{rel}","templated":true}]}}