{"id":1751,"date":"2018-12-20T09:29:39","date_gmt":"2018-12-20T08:29:39","guid":{"rendered":"http:\/\/stanislas-nice.com\/site\/?page_id=1751"},"modified":"2018-12-22T08:28:44","modified_gmt":"2018-12-22T07:28:44","slug":"life-bloom-academy","status":"publish","type":"page","link":"https:\/\/stanislas-nice.com\/site\/life-bloom-academy\/","title":{"rendered":"Life Bloom Academy"},"content":{"rendered":"<p>[vc_row][vc_column][vc_column_text]<strong>\u00ab\u00a0Life Bloom Academy\u00a0\u00bb<\/strong><\/p>\n<p style=\"text-align: justify;\">Mme Christelle Caucheteux, ancienne enseignante de l\u2019EDHEC, est la fondatrice de \u00ab\u00a0Life Bloom Academy\u00a0\u00bb, et anime notre projet \u00ab\u00a0Stan\u2019Up\u00a0\u00bb.<\/p>\n<p style=\"text-align: justify;\">En\u00a0collaboration avec des professeurs de l\u2019EDHEC, elle a d\u00e9velopp\u00e9 un nouveau programme de formation tout au long de la vie, compos\u00e9 de \u201clearning pills\u201d qui m\u00e9langent de la vid\u00e9o et des workshops, au service de l&rsquo;\u00e9panouissement et du d\u00e9veloppement personnel des enfants et adolescents.<\/p>\n<p style=\"text-align: justify;\">Life Bloom Academy construit des solutions \u00e9ducatives au service du d\u00e9veloppement du potentiel des adolescents et des jeunes adultes. Au travers d&rsquo;activit\u00e9s extra-scolaires (stages vacances, ateliers hebdomadaires, parcours e-learning) et de parcours p\u00e9dagogiques en \u00ab\u00a0blended learning\u00a0\u00bb au sein des \u00e9tablissements scolaires, Life Bloom Academy offre des\u00a0exp\u00e9riences de vie\u00a0et des\u00a0outils &amp; m\u00e9thodes\u00a0pour\u00a0grandir heureux et devenir acteur de sa vie.<\/p>\n<p style=\"text-align: justify;\"><a href=\"http:\/\/stanislas-nice.com\/site\/wp-content\/uploads\/2018\/12\/life.jpg\"><img loading=\"lazy\" class=\"alignnone size-full wp-image-1709\" src=\"http:\/\/stanislas-nice.com\/site\/wp-content\/uploads\/2018\/12\/life.jpg\" alt=\"\" width=\"153\" height=\"164\" \/><\/a><\/p>\n<p><a href=\"https:\/\/www.lifebloomacademy.com\/\">https:\/\/www.lifebloomacademy.com\/<\/a>[\/vc_column_text][\/vc_column][\/vc_row]<\/p>\n","protected":false},"excerpt":{"rendered":"<p>[vc_row][vc_column][vc_column_text]\u00ab\u00a0Life Bloom Academy\u00a0\u00bb<br \/>\nMme Christelle Caucheteux, ancienne enseignante de l\u2019EDHEC, est la fondatrice de \u00ab\u00a0Life Bloom Academy\u00a0\u00bb, et anime notre projet \u00ab\u00a0Stan\u2019Up\u00a0\u00bb.<br \/>\nEn\u00a0collaboration avec des professeurs de l\u2019EDHEC, elle a d\u00e9velopp\u00e9 un nouveau programme de formation tout au long de la vie, compos\u00e9 de \u201clearning pills\u201d qui m\u00e9langent de la vid\u00e9o et des workshops, au service de l&rsquo;\u00e9panouissement et du d\u00e9veloppement personnel des enfants et adolescents.<br \/>\nLife Bloom Academy construit des solutions \u00e9ducatives au service du d\u00e9veloppement du potentiel des &#8230;<\/p>\n","protected":false},"author":3,"featured_media":0,"parent":0,"menu_order":0,"comment_status":"closed","ping_status":"closed","template":"template_leftnav.php","meta":{"_links_to":"","_links_to_target":""},"_links":{"self":[{"href":"https:\/\/stanislas-nice.com\/site\/wp-json\/wp\/v2\/pages\/1751"}],"collection":[{"href":"https:\/\/stanislas-nice.com\/site\/wp-json\/wp\/v2\/pages"}],"about":[{"href":"https:\/\/stanislas-nice.com\/site\/wp-json\/wp\/v2\/types\/page"}],"author":[{"embeddable":true,"href":"https:\/\/stanislas-nice.com\/site\/wp-json\/wp\/v2\/users\/3"}],"replies":[{"embeddable":true,"href":"https:\/\/stanislas-nice.com\/site\/wp-json\/wp\/v2\/comments?post=1751"}],"version-history":[{"count":3,"href":"https:\/\/stanislas-nice.com\/site\/wp-json\/wp\/v2\/pages\/1751\/revisions"}],"predecessor-version":[{"id":1793,"href":"https:\/\/stanislas-nice.com\/site\/wp-json\/wp\/v2\/pages\/1751\/revisions\/1793"}],"wp:attachment":[{"href":"https:\/\/stanislas-nice.com\/site\/wp-json\/wp\/v2\/media?parent=1751"}],"curies":[{"name":"wp","href":"https:\/\/api.w.org\/{rel}","templated":true}]}}