{"id":1754,"date":"2018-12-20T09:31:50","date_gmt":"2018-12-20T08:31:50","guid":{"rendered":"http:\/\/stanislas-nice.com\/site\/?page_id=1754"},"modified":"2018-12-22T08:35:16","modified_gmt":"2018-12-22T07:35:16","slug":"edhec-2","status":"publish","type":"page","link":"https:\/\/stanislas-nice.com\/site\/edhec-2\/","title":{"rendered":"EDHEC"},"content":{"rendered":"<p>[vc_row][vc_column][vc_column_text]<strong>EDHEC<\/strong><\/p>\n<p style=\"text-align: justify;\">\u00ab\u00a0EDHEC Business School\u00a0\u00bb est l\u2019une des cinq premi\u00e8res \u00e9coles de commerce fran\u00e7aises. Elle poss\u00e8de aujourd&rsquo;hui des campus \u00e0 Lille, Nice, Paris, Londres et Singapour et propose des dipl\u00f4mes allant du \u00ab\u00a0Bachelor\u00a0\u00bb jusqu\u2019au Master. Elle tient une place tr\u00e8s importante dans la recherche. Elle a \u00e9t\u00e9 \u00e9lue en 2015\u20132016 premi\u00e8re \u00e9cole de commerce en France en recherche en \u00c9conomie et Finance et 20<sup>\u00e8me<\/sup> en Europe.<\/p>\n<p style=\"text-align: justify;\">Elle soutient notre programme \u00ab\u00a0Stan\u2019Up\u00a0\u00bb, en accueillant notamment dans son grand amphi de Nice notre \u00ab\u00a0Pitch Party\u00a0\u00bb qui cl\u00f4t le challenge, et en participant au jury.<\/p>\n<p style=\"text-align: justify;\"><img loading=\"lazy\" class=\"alignnone size-full wp-image-1704\" src=\"http:\/\/stanislas-nice.com\/site\/wp-content\/uploads\/2018\/12\/edhec.jpg\" alt=\"\" width=\"322\" height=\"92\" srcset=\"https:\/\/stanislas-nice.com\/site\/wp-content\/uploads\/2018\/12\/edhec.jpg 322w, https:\/\/stanislas-nice.com\/site\/wp-content\/uploads\/2018\/12\/edhec-300x86.jpg 300w\" sizes=\"(max-width: 322px) 100vw, 322px\" \/><\/p>\n<p><a href=\"https:\/\/www.edhec.edu\/fr\">https:\/\/www.edhec.edu\/fr<\/a>[\/vc_column_text][\/vc_column][\/vc_row]<\/p>\n","protected":false},"excerpt":{"rendered":"<p>[vc_row][vc_column][vc_column_text]EDHEC<br \/>\n\u00ab\u00a0EDHEC Business School\u00a0\u00bb est l\u2019une des cinq premi\u00e8res \u00e9coles de commerce fran\u00e7aises. Elle poss\u00e8de aujourd&rsquo;hui des campus \u00e0 Lille, Nice, Paris, Londres et Singapour et propose des dipl\u00f4mes allant du \u00ab\u00a0Bachelor\u00a0\u00bb jusqu\u2019au Master. Elle tient une place tr\u00e8s importante dans la recherche. Elle a \u00e9t\u00e9 \u00e9lue en 2015\u20132016 premi\u00e8re \u00e9cole de commerce en France en recherche en \u00c9conomie et Finance et 20\u00e8me en Europe.<br \/>\nElle soutient notre programme \u00ab\u00a0Stan\u2019Up\u00a0\u00bb, en accueillant notamment dans son grand amphi de Nice notre &#8230;<\/p>\n","protected":false},"author":3,"featured_media":0,"parent":0,"menu_order":0,"comment_status":"closed","ping_status":"closed","template":"template_leftnav.php","meta":{"_links_to":"","_links_to_target":""},"_links":{"self":[{"href":"https:\/\/stanislas-nice.com\/site\/wp-json\/wp\/v2\/pages\/1754"}],"collection":[{"href":"https:\/\/stanislas-nice.com\/site\/wp-json\/wp\/v2\/pages"}],"about":[{"href":"https:\/\/stanislas-nice.com\/site\/wp-json\/wp\/v2\/types\/page"}],"author":[{"embeddable":true,"href":"https:\/\/stanislas-nice.com\/site\/wp-json\/wp\/v2\/users\/3"}],"replies":[{"embeddable":true,"href":"https:\/\/stanislas-nice.com\/site\/wp-json\/wp\/v2\/comments?post=1754"}],"version-history":[{"count":7,"href":"https:\/\/stanislas-nice.com\/site\/wp-json\/wp\/v2\/pages\/1754\/revisions"}],"predecessor-version":[{"id":2129,"href":"https:\/\/stanislas-nice.com\/site\/wp-json\/wp\/v2\/pages\/1754\/revisions\/2129"}],"wp:attachment":[{"href":"https:\/\/stanislas-nice.com\/site\/wp-json\/wp\/v2\/media?parent=1754"}],"curies":[{"name":"wp","href":"https:\/\/api.w.org\/{rel}","templated":true}]}}