{"id":1757,"date":"2018-12-20T09:33:41","date_gmt":"2018-12-20T08:33:41","guid":{"rendered":"http:\/\/stanislas-nice.com\/site\/?page_id=1757"},"modified":"2018-12-20T09:34:59","modified_gmt":"2018-12-20T08:34:59","slug":"bridge","status":"publish","type":"page","link":"https:\/\/stanislas-nice.com\/site\/bridge\/","title":{"rendered":"Bridge"},"content":{"rendered":"<p>[vc_row][vc_column][vc_column_text]<strong><u>F\u00e9d\u00e9ration Fran\u00e7aise de Bridge\u00a0:<\/u><\/strong><\/p>\n<p>Un club de bridge existe maintenant depuis 4 ans \u00e0 Stanislas. Les formateurs sont envoy\u00e9s par plusieurs clubs des environs, affili\u00e9s \u00e0 la F\u00e9d\u00e9ration Fran\u00e7aise de Bridge.<\/p>\n<p>Certains de nos jeunes ont atteint un haut niveau de comp\u00e9tition.<\/p>\n<p>La plupart des enseignants de Math\u00e9matiques en Coll\u00e8ge ont \u00e9t\u00e9 form\u00e9s \u00e0 l\u2019utilisation du Bridge en Math\u00e9matiques.<\/p>\n<p><img loading=\"lazy\" class=\"alignnone size-full wp-image-1706\" src=\"http:\/\/stanislas-nice.com\/site\/wp-content\/uploads\/2018\/12\/ffb.jpg\" alt=\"\" width=\"180\" height=\"225\" \/><\/p>\n<p><a href=\"https:\/\/www.ffbridge.fr\/actualites\/generations-bridge-a-vous-de-jouer-\">https:\/\/www.ffbridge.fr\/actualites\/generations-bridge-a-vous-de-jouer-<\/a>[\/vc_column_text][\/vc_column][\/vc_row]<\/p>\n","protected":false},"excerpt":{"rendered":"<p>[vc_row][vc_column][vc_column_text]F\u00e9d\u00e9ration Fran\u00e7aise de Bridge\u00a0:<br \/>\nUn club de bridge existe maintenant depuis 4 ans \u00e0 Stanislas. Les formateurs sont envoy\u00e9s par plusieurs clubs des environs, affili\u00e9s \u00e0 la F\u00e9d\u00e9ration Fran\u00e7aise de Bridge.<br \/>\nCertains de nos jeunes ont atteint un haut niveau de comp\u00e9tition.<br \/>\nLa plupart des enseignants de Math\u00e9matiques en Coll\u00e8ge ont \u00e9t\u00e9 form\u00e9s \u00e0 l\u2019utilisation du Bridge en Math\u00e9matiques.<\/p>\n<p>https:\/\/www.ffbridge.fr\/actualites\/generations-bridge-a-vous-de-jouer-[\/vc_column_text][\/vc_column][\/vc_row]<\/p>\n","protected":false},"author":3,"featured_media":0,"parent":0,"menu_order":0,"comment_status":"closed","ping_status":"closed","template":"template_leftnav.php","meta":{"_links_to":"","_links_to_target":""},"_links":{"self":[{"href":"https:\/\/stanislas-nice.com\/site\/wp-json\/wp\/v2\/pages\/1757"}],"collection":[{"href":"https:\/\/stanislas-nice.com\/site\/wp-json\/wp\/v2\/pages"}],"about":[{"href":"https:\/\/stanislas-nice.com\/site\/wp-json\/wp\/v2\/types\/page"}],"author":[{"embeddable":true,"href":"https:\/\/stanislas-nice.com\/site\/wp-json\/wp\/v2\/users\/3"}],"replies":[{"embeddable":true,"href":"https:\/\/stanislas-nice.com\/site\/wp-json\/wp\/v2\/comments?post=1757"}],"version-history":[{"count":2,"href":"https:\/\/stanislas-nice.com\/site\/wp-json\/wp\/v2\/pages\/1757\/revisions"}],"predecessor-version":[{"id":1759,"href":"https:\/\/stanislas-nice.com\/site\/wp-json\/wp\/v2\/pages\/1757\/revisions\/1759"}],"wp:attachment":[{"href":"https:\/\/stanislas-nice.com\/site\/wp-json\/wp\/v2\/media?parent=1757"}],"curies":[{"name":"wp","href":"https:\/\/api.w.org\/{rel}","templated":true}]}}