{"id":1760,"date":"2018-12-20T09:35:32","date_gmt":"2018-12-20T08:35:32","guid":{"rendered":"http:\/\/stanislas-nice.com\/site\/?page_id=1760"},"modified":"2020-11-18T09:28:54","modified_gmt":"2020-11-18T08:28:54","slug":"onu-nice","status":"publish","type":"page","link":"https:\/\/stanislas-nice.com\/site\/onu-nice\/","title":{"rendered":"ONU Nice"},"content":{"rendered":"<p>[vc_row][vc_column][vc_column_text]<strong><u>ONU NICE\u00a0:<\/u><\/strong><\/p>\n<p style=\"text-align: justify;\">Chaque ann\u00e9e, une soixantaine de volontaires du Coll\u00e8ge et du Lyc\u00e9e participent \u00e0 la mod\u00e9lisation de l\u2019ONU organis\u00e9e par le Coll\u00e8ge Vernier avec le soutien de l\u2019Institut Stanislas.<\/p>\n<p style=\"text-align: justify;\">Cent-cinquante \u00e0 deux-cent jeunes de divers coll\u00e8ges et lyc\u00e9es de Nice et des alentours, voire d\u2019\u00e9tablissements \u00e9trangers, se r\u00e9unissent le premier jour en plusieurs commissions h\u00e9berg\u00e9es dans divers \u00e9tablissements, pour pr\u00e9senter des propositions de motions qui sont ensuite discut\u00e9es et vot\u00e9es le second jour en s\u00e9ance pl\u00e9ni\u00e8re au sein du CUM.<\/p>\n<p style=\"text-align: justify;\"><img loading=\"lazy\" class=\"alignnone wp-image-1711\" src=\"http:\/\/stanislas-nice.com\/site\/wp-content\/uploads\/2018\/12\/onu.jpg\" alt=\"\" width=\"168\" height=\"162\" \/><\/p>\n<p><a href=\"http:\/\/anj-onu-nice.fr\/\">http:\/\/www.anj-onu-nice.fr\/<\/a>[\/vc_column_text][\/vc_column][\/vc_row]<\/p>\n","protected":false},"excerpt":{"rendered":"<p>[vc_row][vc_column][vc_column_text]ONU NICE\u00a0:<br \/>\nChaque ann\u00e9e, une soixantaine de volontaires du Coll\u00e8ge et du Lyc\u00e9e participent \u00e0 la mod\u00e9lisation de l\u2019ONU organis\u00e9e par le Coll\u00e8ge Vernier avec le soutien de l\u2019Institut Stanislas.<br \/>\nCent-cinquante \u00e0 deux-cent jeunes de divers coll\u00e8ges et lyc\u00e9es de Nice et des alentours, voire d\u2019\u00e9tablissements \u00e9trangers, se r\u00e9unissent le premier jour en plusieurs commissions h\u00e9berg\u00e9es dans divers \u00e9tablissements, pour pr\u00e9senter des propositions de motions qui sont ensuite discut\u00e9es et vot\u00e9es le second jour en s\u00e9ance pl\u00e9ni\u00e8re au sein du &#8230;<\/p>\n","protected":false},"author":3,"featured_media":0,"parent":0,"menu_order":0,"comment_status":"closed","ping_status":"closed","template":"template_leftnav.php","meta":{"_links_to":"","_links_to_target":""},"_links":{"self":[{"href":"https:\/\/stanislas-nice.com\/site\/wp-json\/wp\/v2\/pages\/1760"}],"collection":[{"href":"https:\/\/stanislas-nice.com\/site\/wp-json\/wp\/v2\/pages"}],"about":[{"href":"https:\/\/stanislas-nice.com\/site\/wp-json\/wp\/v2\/types\/page"}],"author":[{"embeddable":true,"href":"https:\/\/stanislas-nice.com\/site\/wp-json\/wp\/v2\/users\/3"}],"replies":[{"embeddable":true,"href":"https:\/\/stanislas-nice.com\/site\/wp-json\/wp\/v2\/comments?post=1760"}],"version-history":[{"count":3,"href":"https:\/\/stanislas-nice.com\/site\/wp-json\/wp\/v2\/pages\/1760\/revisions"}],"predecessor-version":[{"id":2501,"href":"https:\/\/stanislas-nice.com\/site\/wp-json\/wp\/v2\/pages\/1760\/revisions\/2501"}],"wp:attachment":[{"href":"https:\/\/stanislas-nice.com\/site\/wp-json\/wp\/v2\/media?parent=1760"}],"curies":[{"name":"wp","href":"https:\/\/api.w.org\/{rel}","templated":true}]}}