{"id":1763,"date":"2018-12-20T09:37:23","date_gmt":"2018-12-20T08:37:23","guid":{"rendered":"http:\/\/stanislas-nice.com\/site\/?page_id=1763"},"modified":"2018-12-20T09:38:12","modified_gmt":"2018-12-20T08:38:12","slug":"clubs-sportifs","status":"publish","type":"page","link":"https:\/\/stanislas-nice.com\/site\/clubs-sportifs\/","title":{"rendered":"Clubs Sportifs"},"content":{"rendered":"<p>[vc_row][vc_column][vc_column_text]<strong><u>LES PARTENARIATS AVEC LES CLUBS SPORTIFS\u00a0:<\/u><\/strong><\/p>\n<p style=\"text-align: justify;\">De la 6<sup>\u00e8me<\/sup> \u00e0 la 3<sup>\u00e8me<\/sup>, le Coll\u00e8ge de l\u2019Institution Stanislas dispose d\u2019une classe par niveau dont l\u2019emploi du temps est optimis\u00e9 de fa\u00e7on \u00e0 lib\u00e9rer deux demi-journ\u00e9es par semaine en plus du mercredi apr\u00e8s-midi.<\/p>\n<p style=\"text-align: justify;\">Les \u00e9l\u00e8ves de ces classes ont le m\u00eame nombre d\u2019heures de cours que leurs camarades des autres classes, mais ils commencent syst\u00e9matiquement leurs cours tous les matins \u00e0 08h00 pour les finir \u00e0 16h30 les lundis et vendredis, \u00e0 12h10 les mercredis, et enfin \u00e0 14h30 les mardis et jeudis.<\/p>\n<p style=\"text-align: justify;\">Sont admis dans ces classes les \u00e9l\u00e8ves qui au printemps pr\u00e9c\u00e9dant sont en mesure de prouver leur inscription pour l\u2019ann\u00e9e enti\u00e8re, soit au Conservatoire, soit dans un club sportif exigeant au moins deux demi-journ\u00e9es d\u2019entrainement.<\/p>\n<p style=\"text-align: justify;\">Plusieurs clubs nous ont approch\u00e9s et se sont organis\u00e9s pour proposer aux jeunes de Stanislas des entrainements sur leurs apr\u00e8s-midi disponibles.<\/p>\n<p>[\/vc_column_text][\/vc_column][\/vc_row]<\/p>\n","protected":false},"excerpt":{"rendered":"<p>[vc_row][vc_column][vc_column_text]LES PARTENARIATS AVEC LES CLUBS SPORTIFS\u00a0:<br \/>\nDe la 6\u00e8me \u00e0 la 3\u00e8me, le Coll\u00e8ge de l\u2019Institution Stanislas dispose d\u2019une classe par niveau dont l\u2019emploi du temps est optimis\u00e9 de fa\u00e7on \u00e0 lib\u00e9rer deux demi-journ\u00e9es par semaine en plus du mercredi apr\u00e8s-midi.<br \/>\nLes \u00e9l\u00e8ves de ces classes ont le m\u00eame nombre d\u2019heures de cours que leurs camarades des autres classes, mais ils commencent syst\u00e9matiquement leurs cours tous les matins \u00e0 08h00 pour les finir \u00e0 16h30 les lundis et vendredis, \u00e0 &#8230;<\/p>\n","protected":false},"author":3,"featured_media":0,"parent":0,"menu_order":0,"comment_status":"closed","ping_status":"closed","template":"template_leftnav.php","meta":{"_links_to":"","_links_to_target":""},"_links":{"self":[{"href":"https:\/\/stanislas-nice.com\/site\/wp-json\/wp\/v2\/pages\/1763"}],"collection":[{"href":"https:\/\/stanislas-nice.com\/site\/wp-json\/wp\/v2\/pages"}],"about":[{"href":"https:\/\/stanislas-nice.com\/site\/wp-json\/wp\/v2\/types\/page"}],"author":[{"embeddable":true,"href":"https:\/\/stanislas-nice.com\/site\/wp-json\/wp\/v2\/users\/3"}],"replies":[{"embeddable":true,"href":"https:\/\/stanislas-nice.com\/site\/wp-json\/wp\/v2\/comments?post=1763"}],"version-history":[{"count":2,"href":"https:\/\/stanislas-nice.com\/site\/wp-json\/wp\/v2\/pages\/1763\/revisions"}],"predecessor-version":[{"id":1765,"href":"https:\/\/stanislas-nice.com\/site\/wp-json\/wp\/v2\/pages\/1763\/revisions\/1765"}],"wp:attachment":[{"href":"https:\/\/stanislas-nice.com\/site\/wp-json\/wp\/v2\/media?parent=1763"}],"curies":[{"name":"wp","href":"https:\/\/api.w.org\/{rel}","templated":true}]}}