{"id":32,"date":"2015-06-29T17:35:14","date_gmt":"2015-06-29T16:35:14","guid":{"rendered":"http:\/\/stanislas-nice.com\/site\/?page_id=32"},"modified":"2016-05-26T12:16:45","modified_gmt":"2016-05-26T11:16:45","slug":"histoire","status":"publish","type":"page","link":"https:\/\/stanislas-nice.com\/site\/histoire\/","title":{"rendered":"Histoire"},"content":{"rendered":"<p>[vc_row full_width=\u00a0\u00bb\u00a0\u00bb parallax=\u00a0\u00bb\u00a0\u00bb parallax_image=\u00a0\u00bb\u00a0\u00bb][vc_column width=\u00a0\u00bb1\/1&Prime;][vc_column_text]<img loading=\"lazy\" class=\"size-full wp-image-253 aligncenter\" src=\"http:\/\/stanislas-nice.com\/site\/wp-content\/uploads\/2015\/06\/ima-villa-stanislas.jpg\" alt=\"ima-villa-stanislas\" width=\"550\" height=\"382\" srcset=\"https:\/\/stanislas-nice.com\/site\/wp-content\/uploads\/2015\/06\/ima-villa-stanislas.jpg 550w, https:\/\/stanislas-nice.com\/site\/wp-content\/uploads\/2015\/06\/ima-villa-stanislas-300x208.jpg 300w\" sizes=\"(max-width: 550px) 100vw, 550px\" \/><\/p>\n<p style=\"text-align: center;\"><strong>Il \u00e9tait une fois&#8230; une maison&#8230; et une colline&#8230;<\/strong><\/p>\n<p>[\/vc_column_text][\/vc_column][\/vc_row][vc_row full_width=\u00a0\u00bb\u00a0\u00bb parallax=\u00a0\u00bb\u00a0\u00bb parallax_image=\u00a0\u00bb\u00a0\u00bb][vc_column width=\u00a0\u00bb1\/2&Prime;][vc_column_text]<\/p>\n<h2>La maison sur la colline<\/h2>\n<p style=\"text-align: justify;\">&#8230;<span class=\"Apple-converted-space\">\u00a0<\/span><strong>Une maison<\/strong>, c&rsquo;est le terme familier et affectueux \u00e0 la fois que des g\u00e9n\u00e9rations d&rsquo;\u00e9l\u00e8ves puis d&rsquo;anciens utilis\u00e8rent et utilisent encore parfois pour d\u00e9signer l&rsquo;\u00e9tablissement catholique d&rsquo;enseignement connu \u00e0 Nice sous le nom de STANISLAS-MASSENA, h\u00e9ritier du Petit S\u00e9minaire fond\u00e9 par Monseigneur Galvano le 6 Septembre 1839 et de l&rsquo;\u00e9cole Mass\u00e9na qui accueillirent de nombreuses g\u00e9n\u00e9rations de Ni\u00e7ois.<\/p>\n<p class=\"Style1\" align=\"justify\">&#8230;<span class=\"Apple-converted-space\">\u00a0<\/span><strong>Une colline<\/strong>, c&rsquo;est celle de Carabacel, nomm\u00e9e dans les si\u00e8cles pass\u00e9s colline Saint-Charles. Son souvenir subsiste en un petit chemin qui la traverse en direction de l&rsquo;avenue des Ar\u00e8nes. Cette colline, qui constitue une avanc\u00e9e de celle de Cimiez avec laquelle on la confond trop souvent, fait partie int\u00e9grante de la campagne ni\u00e7oise, plant\u00e9e d&rsquo;arbres de toutes sortes, qui appara\u00eet tel un immense jardin. Lorsque les Ni\u00e7ois partaient gravir les pentes de la colline de Carabacel,\u00a0\u00bbun de ces lieux o\u00f9 souffle l&rsquo;esprit\u00a0\u00bb comme aimait \u00e0 le r\u00e9p\u00e9ter le Chanoine Ponsard, un des plus illustres sup\u00e9rieurs de l&rsquo;Ecole Mass\u00e9na, ils ne parcouraient alors nul boulevard de Cimiez : celui ci sera l&rsquo;oeuvre de S\u00e9bastien-Marcel Biasini qui en ach\u00e8vera le percement en 1800 dans le prolongement du boulevard Carabacel. La colline de Carabacel est alors seulement travers\u00e9e par le chemin des moines qui aboutit au monast\u00e8re des fr\u00e8res Fransiscains \u00e0 Cimiez, en suivant approximativement le trac\u00e9 de l&rsquo;avenue des Ar\u00e8nes. En fait de cultures sur l&rsquo;agreste colline, le manque d&rsquo;eau ne permet alors que celles de la vigne, des oliviers, des orangers ou des figuiers aux fruits tr\u00e8s renomm\u00e9s. On y d\u00e9couvrait alors seulement de vastes propri\u00e9t\u00e9s, v\u00e9ritables latifundia appartenant \u00e0 de riches \u00e9trangers ou \u00e0 des notables ni\u00e7ois, nomm\u00e9es villas sur les divers plans de l&rsquo;\u00e9poque. Apparaissent ainsi sur ces plans des noms tels que ceux des villas Malauss\u00e9na, Castel, Thaon, Massingy, Pontio, Perret, Branicka plus connue sous le vocable de propri\u00e9t\u00e9 de l&rsquo;Oliv\u00e9to, Venanson, Potocka, &#8230; Ces diverses villas accueillirent des h\u00f4tes parfois c\u00e9l\u00e8bres, parfois anonymes, dont bon nombre de Polonais sous occupation russe. On parle souvent des Russes de Nice, bien moins des Polonais qui furent pourtant nombreux \u00e0 s\u00e9journer sur la c\u00f4te. La plupart de ces propri\u00e9t\u00e9s dont certaines tiendront une place notable dans les pages qui suivent ont subi non pas tant les outrages du temps que la folie d\u00e9vastatrice de promoteurs assoiff\u00e9s de b\u00e2tir le plus grand nombre possible d&rsquo;appartements sur la plus petite surface elle m\u00eame possible, dans la perspective du plus grand profit&#8230; La for\u00eat et la nature ont ainsi laiss\u00e9 la place au b\u00e9ton.<\/p>\n<p>[\/vc_column_text][\/vc_column][vc_column width=\u00a0\u00bb1\/2&Prime;][vc_column_text]<\/p>\n<p class=\"Style1\" align=\"center\"><strong>De leur rencontre naquit une histoire \u00e0 nulle autre pareille.<\/strong><\/p>\n<p class=\"Style1\" align=\"justify\">Qui donc aurait pu imaginer, alors que Nice n&rsquo;appartenait pas encore \u00e0 la France, les diverses p\u00e9rip\u00e9ties et vicissitudes que rencontrerait cet \u00e9tablissement au fil des ann\u00e9es, depuis sa naissance au bord des rivages m\u00e9diterran\u00e9ens non loin du port, en passant par sa r\u00e9surrection sur la colline de Carabacel dans l&rsquo;ancienne propri\u00e9t\u00e9 de la comtesse polonaise Delphine Potocka, jusqu&rsquo;au moderne \u00e9tablissement ni\u00e7ois ?<\/p>\n<p class=\"Style1\" align=\"justify\">Le comt\u00e9 de Nice poss\u00e8de un pass\u00e9 fascinant pour celui qui cherche \u00e0 le conna\u00eetre, pass\u00e9 trop souvent ignor\u00e9 volontairement de ceux qui lui sont \u00e9trangers, car il manifeste un particularisme que la volont\u00e9 moderne d&rsquo;uniformisation ne peut tol\u00e9rer.<\/p>\n<p class=\"Style1\" align=\"justify\">&#8230;<\/p>\n<p class=\"Style1\" align=\"justify\">La maison sur la Colline de Carabacel, cette<span class=\"Apple-converted-space\">\u00a0<\/span><em>maison<\/em>, qu&rsquo;est Stanislas, au sens fort d&rsquo;un lieu de vie, d&rsquo;un \u00e9tablissement scolaire, est riche d&rsquo;un pass\u00e9 hors du commun. Avant d&rsquo;abriter l&rsquo;Institution scolaire, elle fut propri\u00e9t\u00e9 d&rsquo;une femme d&rsquo;exception, \u00e9trang\u00e8re \u00e0 son temps par bien des traits de caract\u00e8re : une comtesse polonaise, amie des lettres et des arts, tenant salon \u00e0 Paris comme \u00e0 Nice, Delphine Potocka. Celui qui accorde une \u00e2me \u00e0 une maison, \u00e0 un lieu, ne peut qu&rsquo;\u00eatre frapp\u00e9 par l&rsquo;incessante pr\u00e9sence de la culture dans cette maison ni\u00e7oise. Pr\u00e9sence qui fut celle des artistes et lettr\u00e9s du XiX\u00e8me, avant d&rsquo;\u00eatre celle assur\u00e9e par les religieuses enseignantes de l&rsquo;Assomption qui pr\u00e9c\u00e9d\u00e8rent le moderne \u00e9tablissement scolaire. Et pourtant, qui peut soup\u00e7onner, en franchissant le seuil de l&rsquo;\u00e9tablissement, quels furent les h\u00f4tes de la propri\u00e9t\u00e9 de la comtesse ?<\/p>\n<p class=\"Style1\" align=\"justify\">Celui qui contemple le Cimiez cosmopolite d&rsquo;aujourd&rsquo;hui, recouvert d&rsquo;un b\u00e9ton froid et impersonnel o\u00f9 se perdent encore quelques rares oasis de verdure, ne peut que ressentir de la nostalgie en imaginant ce qu&rsquo;\u00e9tait autrefois l&rsquo;agreste colline de Carabacel couverte d&rsquo;arbres aux essences diverses. Parmi ces oasis, l&rsquo;une d&rsquo;entre elles nous est famili\u00e8re sous un nom ou un autre, Ecole de l&rsquo;Assomption, Ecole Mass\u00e9na ou Coll\u00e8ge Stanislas&#8230; Cependant c&rsquo;est non loin du port de Nice, aux abords du boulevard Imp\u00e9ratrice de Russie, qu&rsquo;il nous faudra d&rsquo;abord tourner notre regard, en nous reportant au d\u00e9but du si\u00e8cle dernier.<\/p>\n<p class=\"Style1\" align=\"center\"><strong>Extrait du livre \u00ab\u00a0La maison sur la colline\u00a0\u00bb<br \/>\nDe Monsieur Edgar PETIT<\/strong><\/p>\n<p>[\/vc_column_text][\/vc_column][\/vc_row]<\/p>\n","protected":false},"excerpt":{"rendered":"<p>[vc_row full_width=\u00a0\u00bb\u00a0\u00bb parallax=\u00a0\u00bb\u00a0\u00bb parallax_image=\u00a0\u00bb\u00a0\u00bb][vc_column width=\u00a0\u00bb1\/1&Prime;][vc_column_text]<br \/>\nIl \u00e9tait une fois&#8230; une maison&#8230; et une colline&#8230;<br \/>\n[\/vc_column_text][\/vc_column][\/vc_row][vc_row full_width=\u00a0\u00bb\u00a0\u00bb parallax=\u00a0\u00bb\u00a0\u00bb parallax_image=\u00a0\u00bb\u00a0\u00bb][vc_column width=\u00a0\u00bb1\/2&Prime;][vc_column_text]<br \/>\nLa maison sur la colline<br \/>\n&#8230;\u00a0Une maison, c&rsquo;est le terme familier et affectueux \u00e0 la fois que des g\u00e9n\u00e9rations d&rsquo;\u00e9l\u00e8ves puis d&rsquo;anciens utilis\u00e8rent et utilisent encore parfois pour d\u00e9signer l&rsquo;\u00e9tablissement catholique d&rsquo;enseignement connu \u00e0 Nice sous le nom de STANISLAS-MASSENA, h\u00e9ritier du Petit S\u00e9minaire fond\u00e9 par Monseigneur Galvano le 6 Septembre 1839 et de l&rsquo;\u00e9cole Mass\u00e9na qui accueillirent de nombreuses g\u00e9n\u00e9rations &#8230;<\/p>\n","protected":false},"author":1,"featured_media":0,"parent":0,"menu_order":0,"comment_status":"closed","ping_status":"closed","template":"template_leftnav.php","meta":{"_links_to":"","_links_to_target":""},"_links":{"self":[{"href":"https:\/\/stanislas-nice.com\/site\/wp-json\/wp\/v2\/pages\/32"}],"collection":[{"href":"https:\/\/stanislas-nice.com\/site\/wp-json\/wp\/v2\/pages"}],"about":[{"href":"https:\/\/stanislas-nice.com\/site\/wp-json\/wp\/v2\/types\/page"}],"author":[{"embeddable":true,"href":"https:\/\/stanislas-nice.com\/site\/wp-json\/wp\/v2\/users\/1"}],"replies":[{"embeddable":true,"href":"https:\/\/stanislas-nice.com\/site\/wp-json\/wp\/v2\/comments?post=32"}],"version-history":[{"count":6,"href":"https:\/\/stanislas-nice.com\/site\/wp-json\/wp\/v2\/pages\/32\/revisions"}],"predecessor-version":[{"id":258,"href":"https:\/\/stanislas-nice.com\/site\/wp-json\/wp\/v2\/pages\/32\/revisions\/258"}],"wp:attachment":[{"href":"https:\/\/stanislas-nice.com\/site\/wp-json\/wp\/v2\/media?parent=32"}],"curies":[{"name":"wp","href":"https:\/\/api.w.org\/{rel}","templated":true}]}}