{"id":3218,"date":"2022-12-02T09:42:18","date_gmt":"2022-12-02T08:42:18","guid":{"rendered":"https:\/\/stanislas-nice.com\/site\/?page_id=3218"},"modified":"2022-12-02T09:48:18","modified_gmt":"2022-12-02T08:48:18","slug":"etre-eleve-a-stanislas","status":"publish","type":"page","link":"https:\/\/stanislas-nice.com\/site\/etre-eleve-a-stanislas\/","title":{"rendered":"\u00catre \u00e9l\u00e8ve \u00e0 Stanislas"},"content":{"rendered":"<p>[vc_row][vc_column][vc_column_text]Petite structure sous tutelle dioc\u00e9saine et sous contrat d\u2019association avec l\u2019Etat, l\u2019\u00e9cole est \u00e0 l\u2019\u00e9coute et soucieuse du bien-\u00eatre et de l\u2019\u00e9panouissement des enfants et des familles.<br \/>\nNotre Institution accueille et accompagne chaque enfant dans le respect de son parcours, de son rythme et de sa personnalit\u00e9. Elle met en avant des m\u00e9thodes qui prennent en compte la sensibilit\u00e9 et l\u2019individualit\u00e9 de chaque \u00e9l\u00e8ve. Elle est une communaut\u00e9 chr\u00e9tienne ayant pour base un projet \u00e9ducatif enracin\u00e9 dans le Christ et son \u00e9vangile.<\/p>\n<p>Devenir \u00e9l\u00e8ve au sein de l\u2019Ecole Stanislas, c\u2019est devenir autonome dans le respect des r\u00e8gles, des autres et de son environnement. C\u2019est aussi pouvoir b\u00e9n\u00e9ficier d\u2019un enseignement diff\u00e9renci\u00e9 qui s\u2019adapte aux besoins sp\u00e9cifiques de chaque enfant afin de garantir \u00e0 chacun l\u2019attention qu\u2019il m\u00e9rite.<\/p>\n<p>Nos petits plus\u00a0:<\/p>\n<p>\u2192 Une p\u00e9dagogie diff\u00e9renci\u00e9e qui place l\u2019\u00e9l\u00e8ve au c\u0153ur des apprentissages et favorise la coop\u00e9ration et la collaboration entre tous.<\/p>\n<p>\u2192 Une p\u00e9dagogie qui favorise la manipulation afin de permettre \u00e0 chaque \u00e9l\u00e8ve de s\u2019approprier l\u2019objectif d\u2019apprentissage.<\/p>\n<p>\u2192 Des mati\u00e8res d\u00e9cloisonn\u00e9es dans certaines classes.<\/p>\n<p>\u2192 Une collaboration entre les enseignants, les parents, le personnel et les \u00e9l\u00e8ves afin d\u2019avancer conjointement dans la m\u00eame direction et permettre la r\u00e9ussite de l\u2019enfant et son \u00e9panouissement.<\/p>\n<p>\u2192 Des projets de classe ou d\u2019\u00e9cole vari\u00e9s\u00a0: participation au programme \u00e9cole et cin\u00e9ma, au parlement Laudato Si de l\u2019\u00e9tablissement, au concours Ma Petite Plan\u00e8te, aux classes vertes et classes de mer, aux formations d\u2019assistants de s\u00e9curit\u00e9\u2026<\/p>\n<p>\u2192 Des moments de partage et festifs\u00a0: Barbecue des familles, Village de No\u00ebl, Carnaval, Kermesse.<\/p>\n<p>\u2192 Des ateliers propos\u00e9s sur le temps de pause m\u00e9ridienne\u00a0: Danse, Loisirs cr\u00e9atifs, Th\u00e9\u00e2tre, Echecs, Chant et Musique, Arts visuels, Broderie.<\/p>\n<p>\u2192 Etablissement Catholique, dans le respect de la libert\u00e9 de conscience des \u00e9l\u00e8ves et de leur famille\u00a0: \u00a0l\u2019Institution Stanislas se veut ouvert \u00e0 tous ceux qui acceptent son projet \u00e9ducatif, lequel se r\u00e9f\u00e8re explicitement \u00e0 l&rsquo;Evangile et \u00e0 l&rsquo;Enseignement de l&rsquo;Eglise Catholique. Le temps de culture religieuse et de cat\u00e9ch\u00e8se inscrit dans l\u2019emploi du temps s\u2019adresse \u00e0 tous les \u00e9l\u00e8ves.<\/p>\n<p style=\"text-align: center;\"><a href=\"https:\/\/stanislas-nice.com\/site\/wp-content\/uploads\/2022\/12\/Image1.jpg\"><img loading=\"lazy\" class=\"alignnone size-medium wp-image-3221\" src=\"https:\/\/stanislas-nice.com\/site\/wp-content\/uploads\/2022\/12\/Image1-300x225.jpg\" alt=\"\" width=\"300\" height=\"225\" srcset=\"https:\/\/stanislas-nice.com\/site\/wp-content\/uploads\/2022\/12\/Image1-300x225.jpg 300w, https:\/\/stanislas-nice.com\/site\/wp-content\/uploads\/2022\/12\/Image1.jpg 350w\" sizes=\"(max-width: 300px) 100vw, 300px\" \/><\/a><\/p>\n<p>[\/vc_column_text][\/vc_column][\/vc_row]<\/p>\n","protected":false},"excerpt":{"rendered":"<p>[vc_row][vc_column][vc_column_text]Petite structure sous tutelle dioc\u00e9saine et sous contrat d\u2019association avec l\u2019Etat, l\u2019\u00e9cole est \u00e0 l\u2019\u00e9coute et soucieuse du bien-\u00eatre et de l\u2019\u00e9panouissement des enfants et des familles.<br \/>\nNotre Institution accueille et accompagne chaque enfant dans le respect de son parcours, de son rythme et de sa personnalit\u00e9. Elle met en avant des m\u00e9thodes qui prennent en compte la sensibilit\u00e9 et l\u2019individualit\u00e9 de chaque \u00e9l\u00e8ve. Elle est une communaut\u00e9 chr\u00e9tienne ayant pour base un projet \u00e9ducatif enracin\u00e9 dans le Christ et &#8230;<\/p>\n","protected":false},"author":3,"featured_media":0,"parent":0,"menu_order":0,"comment_status":"closed","ping_status":"closed","template":"template_leftnav.php","meta":{"_links_to":"","_links_to_target":""},"_links":{"self":[{"href":"https:\/\/stanislas-nice.com\/site\/wp-json\/wp\/v2\/pages\/3218"}],"collection":[{"href":"https:\/\/stanislas-nice.com\/site\/wp-json\/wp\/v2\/pages"}],"about":[{"href":"https:\/\/stanislas-nice.com\/site\/wp-json\/wp\/v2\/types\/page"}],"author":[{"embeddable":true,"href":"https:\/\/stanislas-nice.com\/site\/wp-json\/wp\/v2\/users\/3"}],"replies":[{"embeddable":true,"href":"https:\/\/stanislas-nice.com\/site\/wp-json\/wp\/v2\/comments?post=3218"}],"version-history":[{"count":4,"href":"https:\/\/stanislas-nice.com\/site\/wp-json\/wp\/v2\/pages\/3218\/revisions"}],"predecessor-version":[{"id":3223,"href":"https:\/\/stanislas-nice.com\/site\/wp-json\/wp\/v2\/pages\/3218\/revisions\/3223"}],"wp:attachment":[{"href":"https:\/\/stanislas-nice.com\/site\/wp-json\/wp\/v2\/media?parent=3218"}],"curies":[{"name":"wp","href":"https:\/\/api.w.org\/{rel}","templated":true}]}}