{"id":3234,"date":"2022-12-02T09:54:28","date_gmt":"2022-12-02T08:54:28","guid":{"rendered":"https:\/\/stanislas-nice.com\/site\/?page_id=3234"},"modified":"2022-12-02T10:04:17","modified_gmt":"2022-12-02T09:04:17","slug":"horaires-2","status":"publish","type":"page","link":"https:\/\/stanislas-nice.com\/site\/horaires-2\/","title":{"rendered":"Horaires"},"content":{"rendered":"<p>[vc_row][vc_column][vc_column_text]L&rsquo;\u00e9tablissement accueille les \u00e9l\u00e8ves les lundis, mardis, jeudis et vendredis de 7h45 \u00e0 18 h.<\/p>\n<p>Les cours sont dispens\u00e9s de 8h15 \u00e0 11h30 et de 13h20 \u00e0 16h30.<\/p>\n<p><strong>MATIN\u00a0:<\/strong><\/p>\n<p>7h45\u00a0: ouverture de l\u2019\u00e9tablissement, accueil des \u00e9l\u00e8ves<\/p>\n<p>8h15 \u2013 11h30\u00a0: cours<\/p>\n<p><strong>MIDI\u00a0:<\/strong><\/p>\n<p>11h30 \u2013 13h20\u00a0: Pause m\u00e9ridienne (1\/2 pension ou externat)<\/p>\n<p>11h30 \u2013 12h00\u00a0: APC deux fois par semaine pour les \u00e9l\u00e8ves qui en ont besoin<\/p>\n<p>12h30 \u2013 13h20\u00a0: Ateliers (sur inscription)<\/p>\n<p><strong>APRES-MIDI\u00a0:<\/strong><\/p>\n<p>13h20 \u2013 16h30\u00a0: cours<\/p>\n<p>16h30 \u2013 16h40\u00a0: sortie des \u00e9l\u00e8ves<\/p>\n<p><strong>SOIR\u00a0:<\/strong><\/p>\n<p>16h30 \u2013 17h00\u00a0: garderie gratuite<\/p>\n<p>17h00 \u2013 18h00\u00a0: \u00e9tude surveill\u00e9e (sur inscription 29\u20ac\/mois)<\/p>\n<p>Les \u00e9l\u00e8ves sont r\u00e9cup\u00e9r\u00e9s d\u00e8s la fin de chaque demie journ\u00e9e \u00e0 11h30 ou 16h30 sauf s\u2019ils sont pris en charge par le service de restauration ou l\u2019\u00e9tude. <strong><em>Seuls les enfants disposant d\u2019un PAI ou d\u2019un PPS seront autoris\u00e9s \u00e0 sortir sur le temps scolaire. De la m\u00eame mani\u00e8re, un enfant ne peut \u00eatre reconduit \u00e0 l\u2019\u00e9cole en milieu de matin\u00e9e ou d\u2019apr\u00e8s-midi hors PAI ou PPS.<\/em><\/strong>[\/vc_column_text][\/vc_column][\/vc_row]<\/p>\n","protected":false},"excerpt":{"rendered":"<p>[vc_row][vc_column][vc_column_text]L&rsquo;\u00e9tablissement accueille les \u00e9l\u00e8ves les lundis, mardis, jeudis et vendredis de 7h45 \u00e0 18 h.<br \/>\nLes cours sont dispens\u00e9s de 8h15 \u00e0 11h30 et de 13h20 \u00e0 16h30.<br \/>\nMATIN\u00a0:<br \/>\n7h45\u00a0: ouverture de l\u2019\u00e9tablissement, accueil des \u00e9l\u00e8ves<br \/>\n8h15 \u2013 11h30\u00a0: cours<br \/>\nMIDI\u00a0:<br \/>\n11h30 \u2013 13h20\u00a0: Pause m\u00e9ridienne (1\/2 pension ou externat)<br \/>\n11h30 \u2013 12h00\u00a0: APC deux fois par semaine pour les \u00e9l\u00e8ves qui en ont besoin<br \/>\n12h30 \u2013 13h20\u00a0: Ateliers (sur inscription)<br \/>\nAPRES-MIDI\u00a0:<br \/>\n13h20 \u2013 16h30\u00a0: cours<br \/>\n16h30 \u2013 16h40\u00a0: sortie &#8230;<\/p>\n","protected":false},"author":3,"featured_media":0,"parent":0,"menu_order":0,"comment_status":"closed","ping_status":"closed","template":"template_leftnav.php","meta":{"_links_to":"","_links_to_target":""},"_links":{"self":[{"href":"https:\/\/stanislas-nice.com\/site\/wp-json\/wp\/v2\/pages\/3234"}],"collection":[{"href":"https:\/\/stanislas-nice.com\/site\/wp-json\/wp\/v2\/pages"}],"about":[{"href":"https:\/\/stanislas-nice.com\/site\/wp-json\/wp\/v2\/types\/page"}],"author":[{"embeddable":true,"href":"https:\/\/stanislas-nice.com\/site\/wp-json\/wp\/v2\/users\/3"}],"replies":[{"embeddable":true,"href":"https:\/\/stanislas-nice.com\/site\/wp-json\/wp\/v2\/comments?post=3234"}],"version-history":[{"count":4,"href":"https:\/\/stanislas-nice.com\/site\/wp-json\/wp\/v2\/pages\/3234\/revisions"}],"predecessor-version":[{"id":3253,"href":"https:\/\/stanislas-nice.com\/site\/wp-json\/wp\/v2\/pages\/3234\/revisions\/3253"}],"wp:attachment":[{"href":"https:\/\/stanislas-nice.com\/site\/wp-json\/wp\/v2\/media?parent=3234"}],"curies":[{"name":"wp","href":"https:\/\/api.w.org\/{rel}","templated":true}]}}