{"id":3625,"date":"2024-07-11T13:47:48","date_gmt":"2024-07-11T12:47:48","guid":{"rendered":"https:\/\/stanislas-nice.com\/site\/?page_id=3625"},"modified":"2024-07-11T13:48:33","modified_gmt":"2024-07-11T12:48:33","slug":"la-section-europeenne","status":"publish","type":"page","link":"https:\/\/stanislas-nice.com\/site\/la-section-europeenne\/","title":{"rendered":"La section europ\u00e9enne"},"content":{"rendered":"<h1 style=\"text-align: center;\" align=\"center\">La section europ\u00e9enne<\/h1>\n<p>\u00c0 partir de la 4<sup>e<\/sup>, les \u00e9l\u00e8ves ont la possibilit\u00e9, s&rsquo;ils ne sont pas d\u00e9j\u00e0 inscrits dans une classe \u00e0 horaires resserr\u00e9s, de suivre en sus de leur enseignement obligatoire d&rsquo;anglais, deux heures hebdomadaires, dispens\u00e9es par des professeurs d&rsquo;anglais de l&rsquo;\u00e9tablissement jusqu\u2019\u00e0 la Terminale.<\/p>\n<p>Ce projet a pour but de pr\u00e9parer les \u00e9l\u00e8ves \u00e0 l&rsquo;enseignement de la discipline non linguistique au lyc\u00e9e, et qui donne lieu, en examen final en Terminale, \u00e0 la certification \u00ab\u00a0section europ\u00e9enne\u00a0\u00bb.<\/p>\n<p>Cet examen final se compose d&rsquo;un entretien oral de 20 minutes, enti\u00e8rement en anglais, \u00e9valu\u00e9 par deux professeurs, un enseignant d&rsquo;anglais et un autre de la discipline non linguistique (DNL) enseign\u00e9e 1 heure par semaine en Anglais (g\u00e9n\u00e9ralement \u00e0 Stan, Sciences ou Histoire-g\u00e9ographie).<\/p>\n<p>La pr\u00e9paration de la section europ\u00e9enne est donc un long parcours dans lequel les \u00e9l\u00e8ves doivent faire montre de motivation et de dynamisme, principalement \u00e0 l&rsquo;oral mais les comp\u00e9tences \u00e9crites sont n\u00e9cessaires \u00e0 l&rsquo;expression, qu&rsquo;elle soit orale ou \u00e9crite.<\/p>\n<p>La notation en coll\u00e8ge est divis\u00e9e en notes et comp\u00e9tences, sp\u00e9cifiques \u00e0 l&rsquo;anglais, puis au lyc\u00e9e, \u00e0 l\u2019Anglais at \u00e0 la DNL pratiqu\u00e9e.<\/p>\n<p>Le parcours sera jalonn\u00e9 d&rsquo;activit\u00e9s p\u00e9dagogiques, certaines feront l&rsquo;objet de sorties de classe ou d&rsquo;\u00e9changes, selon les \u00e9quipes et les mati\u00e8res concern\u00e9es.<\/p>\n<p>Avant de faire le choix de l&rsquo;option en coll\u00e8ge, il est donc important de faire une auto-\u00e9valuation des capacit\u00e9s de votre enfant\u00a0: celui-ci est-il motiv\u00e9 par la mati\u00e8re\u00a0? dynamique \u00e0 l&rsquo;oral\u00a0? impliqu\u00e9 et concentr\u00e9 en cours\u00a0? Les niveaux en grammaire et lexique sont-ils suffisants pour s&rsquo;exprimer\u00a0?<\/p>\n<p>La s\u00e9lection prendra prioritairement en compte le dynamisme des \u00e9l\u00e8ves \u00e0 l\u2019oral.<\/p>\n","protected":false},"excerpt":{"rendered":"<p>La section europ\u00e9enne<br \/>\n\u00c0 partir de la 4e, les \u00e9l\u00e8ves ont la possibilit\u00e9, s&rsquo;ils ne sont pas d\u00e9j\u00e0 inscrits dans une classe \u00e0 horaires resserr\u00e9s, de suivre en sus de leur enseignement obligatoire d&rsquo;anglais, deux heures hebdomadaires, dispens\u00e9es par des professeurs d&rsquo;anglais de l&rsquo;\u00e9tablissement jusqu\u2019\u00e0 la Terminale.<br \/>\nCe projet a pour but de pr\u00e9parer les \u00e9l\u00e8ves \u00e0 l&rsquo;enseignement de la discipline non linguistique au lyc\u00e9e, et qui donne lieu, en examen final en Terminale, \u00e0 la certification \u00ab\u00a0section europ\u00e9enne\u00a0\u00bb.<br \/>\nCet &#8230;<\/p>\n","protected":false},"author":3,"featured_media":0,"parent":0,"menu_order":0,"comment_status":"closed","ping_status":"closed","template":"template_leftnav.php","meta":{"_links_to":"","_links_to_target":""},"_links":{"self":[{"href":"https:\/\/stanislas-nice.com\/site\/wp-json\/wp\/v2\/pages\/3625"}],"collection":[{"href":"https:\/\/stanislas-nice.com\/site\/wp-json\/wp\/v2\/pages"}],"about":[{"href":"https:\/\/stanislas-nice.com\/site\/wp-json\/wp\/v2\/types\/page"}],"author":[{"embeddable":true,"href":"https:\/\/stanislas-nice.com\/site\/wp-json\/wp\/v2\/users\/3"}],"replies":[{"embeddable":true,"href":"https:\/\/stanislas-nice.com\/site\/wp-json\/wp\/v2\/comments?post=3625"}],"version-history":[{"count":1,"href":"https:\/\/stanislas-nice.com\/site\/wp-json\/wp\/v2\/pages\/3625\/revisions"}],"predecessor-version":[{"id":3626,"href":"https:\/\/stanislas-nice.com\/site\/wp-json\/wp\/v2\/pages\/3625\/revisions\/3626"}],"wp:attachment":[{"href":"https:\/\/stanislas-nice.com\/site\/wp-json\/wp\/v2\/media?parent=3625"}],"curies":[{"name":"wp","href":"https:\/\/api.w.org\/{rel}","templated":true}]}}