{"id":56,"date":"2015-06-29T18:01:32","date_gmt":"2015-06-29T17:01:32","guid":{"rendered":"http:\/\/stanislas-nice.com\/site\/?page_id=56"},"modified":"2022-11-22T07:54:18","modified_gmt":"2022-11-22T06:54:18","slug":"horaires","status":"publish","type":"page","link":"https:\/\/stanislas-nice.com\/site\/horaires\/","title":{"rendered":"Contact et horaires"},"content":{"rendered":"<p>[vc_row][vc_column][vc_column_text]<br \/>\n[\/vc_column_text][\/vc_column][\/vc_row][vc_row][vc_column width=\u00a0\u00bb1\/2&Prime;][vc_column_text]<img loading=\"lazy\" class=\"alignnone size-full wp-image-222\" src=\"http:\/\/stanislas-nice.com\/site\/wp-content\/uploads\/2015\/06\/ima-symbole-stan-316.png\" alt=\"ima-symbole-stan-316\" width=\"316\" height=\"125\" srcset=\"https:\/\/stanislas-nice.com\/site\/wp-content\/uploads\/2015\/06\/ima-symbole-stan-316.png 316w, https:\/\/stanislas-nice.com\/site\/wp-content\/uploads\/2015\/06\/ima-symbole-stan-316-300x119.png 300w\" sizes=\"(max-width: 316px) 100vw, 316px\" \/><\/p>\n<p>L&rsquo;\u00e9tablissement est ouvert \u00e0 partir<br \/>\nde 7h45 le matin (entr\u00e9e Bieckert)<\/p>\n<p>Jusqu&rsquo;au soir 18h<br \/>\nle lundi, mardi, jeudi et vendredi.<\/p>\n<p>Jusqu\u2019\u00e0 12h15 le mercredi pour le coll\u00e8ge<br \/>\n(jusqu&rsquo;\u00e0 16h pour les \u00e9l\u00e8ves qui participent \u00e0 l&rsquo;AS)<br \/>\nJusqu&rsquo;\u00e0 17h30 le mercredi pour le lyc\u00e9e (selon l&#8217;emploi du temps)<\/p>\n<p>Le secr\u00e9tariat est ouvert tous les jours<br \/>\nsans interruption de 8h \u00e0 17h30<br \/>\n(le mercredi jusqu&rsquo;\u00e0 17h)<\/p>\n<p>25, Avenue Bieckert, BP 1425<br \/>\n06008 NICE cedex 1<\/p>\n<p>T\u00e9l : 04.93.81.53.36<br \/>\nFax : 04.93.53.51.31[\/vc_column_text][vc_message message_box_color=\u00a0\u00bbsandy_brown\u00a0\u00bb icon_fontawesome=\u00a0\u00bbfa fa-exclamation-triangle\u00a0\u00bb]S\u00e9lectionner le bon destinataire[\/vc_message][\/vc_column][vc_column width=\u00a0\u00bb1\/2&Prime;]<\/p>\n<div class=\"wpcf7 no-js\" id=\"wpcf7-f144-o1\" lang=\"fr-FR\" dir=\"ltr\">\n<div class=\"screen-reader-response\">\n<p role=\"status\" aria-live=\"polite\" aria-atomic=\"true\">\n<ul><\/ul>\n<\/div>\n<form action=\"\/site\/wp-json\/wp\/v2\/pages\/56#wpcf7-f144-o1\" method=\"post\" class=\"wpcf7-form init\" aria-label=\"Formulaire de contact\" novalidate=\"novalidate\" data-status=\"init\">\n<div style=\"display: none;\">\n<input type=\"hidden\" name=\"_wpcf7\" value=\"144\" \/><br \/>\n<input type=\"hidden\" name=\"_wpcf7_version\" value=\"5.7.7\" \/><br \/>\n<input type=\"hidden\" name=\"_wpcf7_locale\" value=\"fr_FR\" \/><br \/>\n<input type=\"hidden\" name=\"_wpcf7_unit_tag\" value=\"wpcf7-f144-o1\" \/><br \/>\n<input type=\"hidden\" name=\"_wpcf7_container_post\" value=\"0\" \/><br \/>\n<input type=\"hidden\" name=\"_wpcf7_posted_data_hash\" value=\"\" \/>\n<\/div>\n<p>Votre nom (obligatoire)\n<\/p>\n<p><span class=\"wpcf7-form-control-wrap\" data-name=\"your-name\"><input size=\"40\" class=\"wpcf7-form-control wpcf7-text wpcf7-validates-as-required\" aria-required=\"true\" aria-invalid=\"false\" value=\"\" type=\"text\" name=\"your-name\" \/><\/span>\n<\/p>\n<p>Votre email (obligatoire)\n<\/p>\n<p><span class=\"wpcf7-form-control-wrap\" data-name=\"your-email\"><input size=\"40\" class=\"wpcf7-form-control wpcf7-text wpcf7-email wpcf7-validates-as-required wpcf7-validates-as-email\" aria-required=\"true\" aria-invalid=\"false\" value=\"\" type=\"email\" name=\"your-email\" \/><\/span>\n<\/p>\n<p>Sujet\n<\/p>\n<p><span class=\"wpcf7-form-control-wrap\" data-name=\"your-subject\"><input size=\"40\" class=\"wpcf7-form-control wpcf7-text\" aria-invalid=\"false\" value=\"\" type=\"text\" name=\"your-subject\" \/><\/span>\n<\/p>\n<p>S\u00e9lectionnez votre destinataire\n<\/p>\n<p><span class=\"wpcf7-form-control-wrap\" data-name=\"your-recipient\"><select class=\"wpcf7-form-control wpcf7-select wpcf7-validates-as-required\" aria-required=\"true\" aria-invalid=\"false\" name=\"your-recipient\"><option value=\"Code Office 365\">Code Office 365<\/option><option value=\"Comptabilit\u00e9\">Comptabilit\u00e9<\/option><option value=\"Vie Scolaire\">Vie Scolaire<\/option><option value=\"Secr\u00e9tariat\">Secr\u00e9tariat<\/option><option value=\"Code \u00c9cole Directe Parents\">Code \u00c9cole Directe Parents<\/option><option value=\"Code \u00c9cole Directe El\u00e8ves\">Code \u00c9cole Directe El\u00e8ves<\/option><option value=\"Code \u00c9cole Directe Professeurs\">Code \u00c9cole Directe Professeurs<\/option><option value=\"CPGE DROIT\">CPGE DROIT<\/option><option value=\"BDIO\">BDIO<\/option><\/select><\/span>\n<\/p>\n<p>Votre message\n<\/p>\n<p><span class=\"wpcf7-form-control-wrap\" data-name=\"your-message\"><textarea cols=\"40\" rows=\"10\" class=\"wpcf7-form-control wpcf7-textarea\" aria-invalid=\"false\" name=\"your-message\"><\/textarea><\/span>\n<\/p>\n<p><input class=\"wpcf7-form-control has-spinner wpcf7-submit\" type=\"submit\" value=\"Envoyer\" \/>\n<\/p>\n<div class=\"wpcf7-response-output\" aria-hidden=\"true\"><\/div>\n<\/form>\n<\/div>\n<p>[\/vc_column][\/vc_row]<\/p>\n","protected":false},"excerpt":{"rendered":"<p>[vc_row][vc_column][vc_column_text]<br \/>\n[\/vc_column_text][\/vc_column][\/vc_row][vc_row][vc_column width=\u00a0\u00bb1\/2&Prime;][vc_column_text]<br \/>\nL&rsquo;\u00e9tablissement est ouvert \u00e0 partir<br \/>\nde 7h45 le matin (entr\u00e9e Bieckert)<br \/>\nJusqu&rsquo;au soir 18h<br \/>\nle lundi, mardi, jeudi et vendredi.<br \/>\nJusqu\u2019\u00e0 12h15 le mercredi pour le coll\u00e8ge<br \/>\n(jusqu&rsquo;\u00e0 16h pour les \u00e9l\u00e8ves qui participent \u00e0 l&rsquo;AS)<br \/>\nJusqu&rsquo;\u00e0 17h30 le mercredi pour le lyc\u00e9e (selon l&#8217;emploi du temps)<br \/>\nLe secr\u00e9tariat est ouvert tous les jours<br \/>\nsans interruption de 8h \u00e0 17h30<br \/>\n(le mercredi jusqu&rsquo;\u00e0 17h)<br \/>\n25, Avenue Bieckert, BP 1425<br \/>\n06008 NICE cedex 1<br \/>\nT\u00e9l : 04.93.81.53.36<br \/>\nFax &#8230;<\/p>\n","protected":false},"author":1,"featured_media":0,"parent":0,"menu_order":0,"comment_status":"closed","ping_status":"closed","template":"template_leftnav.php","meta":{"_links_to":"","_links_to_target":""},"_links":{"self":[{"href":"https:\/\/stanislas-nice.com\/site\/wp-json\/wp\/v2\/pages\/56"}],"collection":[{"href":"https:\/\/stanislas-nice.com\/site\/wp-json\/wp\/v2\/pages"}],"about":[{"href":"https:\/\/stanislas-nice.com\/site\/wp-json\/wp\/v2\/types\/page"}],"author":[{"embeddable":true,"href":"https:\/\/stanislas-nice.com\/site\/wp-json\/wp\/v2\/users\/1"}],"replies":[{"embeddable":true,"href":"https:\/\/stanislas-nice.com\/site\/wp-json\/wp\/v2\/comments?post=56"}],"version-history":[{"count":13,"href":"https:\/\/stanislas-nice.com\/site\/wp-json\/wp\/v2\/pages\/56\/revisions"}],"predecessor-version":[{"id":3119,"href":"https:\/\/stanislas-nice.com\/site\/wp-json\/wp\/v2\/pages\/56\/revisions\/3119"}],"wp:attachment":[{"href":"https:\/\/stanislas-nice.com\/site\/wp-json\/wp\/v2\/media?parent=56"}],"curies":[{"name":"wp","href":"https:\/\/api.w.org\/{rel}","templated":true}]}}