{"id":58,"date":"2015-06-29T18:01:46","date_gmt":"2015-06-29T17:01:46","guid":{"rendered":"http:\/\/stanislas-nice.com\/site\/?page_id=58"},"modified":"2025-12-09T14:35:40","modified_gmt":"2025-12-09T13:35:40","slug":"organigramme","status":"publish","type":"page","link":"https:\/\/stanislas-nice.com\/site\/organigramme\/","title":{"rendered":"Organigramme"},"content":{"rendered":"<p>[vc_row][vc_column][vc_column_text css=\u00a0\u00bb.vc_custom_1450531502038{background-color: #efefef !important;}\u00a0\u00bb]<\/p>\n<p style=\"text-align: center;\"><strong>DIRECTION<\/strong><\/p>\n<p>[\/vc_column_text][vc_row_inner][vc_column_inner width=\u00a0\u00bb1\/6&Prime;][vc_single_image image=\u00a0\u00bb341&Prime; alignment=\u00a0\u00bbcenter\u00a0\u00bb][vc_column_text]<\/p>\n<p style=\"text-align: center;\">M. FAIVRE<br \/>\nChef d&rsquo;\u00e9tablissement Coll\u00e8ge et Lyc\u00e9e<\/p>\n<p style=\"text-align: center;\">Coordinateur Ensemble Scolaire<\/p>\n<p>[\/vc_column_text][\/vc_column_inner][vc_column_inner width=\u00a0\u00bb1\/6&Prime;][vc_single_image image=\u00a0\u00bb2752&Prime; alignment=\u00a0\u00bbcenter\u00a0\u00bb][vc_column_text]<\/p>\n<p style=\"text-align: center;\">Mme DO LIVRAMENTO CAVELIER<br \/>\nChef d&rsquo;Etablissement Ecole Primaire[\/vc_column_text][\/vc_column_inner][vc_column_inner width=\u00a0\u00bb1\/6&Prime;][vc_single_image image=\u00a0\u00bb1604&Prime; alignment=\u00a0\u00bbcenter\u00a0\u00bb][vc_column_text]<\/p>\n<p style=\"text-align: center;\">Mme BOTTON<br \/>\nDirectrice Adjointe[\/vc_column_text][\/vc_column_inner][vc_column_inner width=\u00a0\u00bb1\/6&Prime;][vc_single_image image=\u00a0\u00bb2997&Prime; add_caption=\u00a0\u00bbyes\u00a0\u00bb alignment=\u00a0\u00bbcenter\u00a0\u00bb][vc_column_text]<\/p>\n<p style=\"text-align: center;\">Mme CASTELAIN Responsable de la Pr\u00e9pa Droit &#8211; \u00c9conomie (D1)<\/p>\n<p>[\/vc_column_text][\/vc_column_inner][vc_column_inner width=\u00a0\u00bb1\/6&Prime;][vc_column_text]<\/p>\n<p style=\"text-align: center;\">M. KONIG<\/p>\n<p style=\"text-align: center;\">Responsable de la 2e ann\u00e9e de la Pr\u00e9pa Droit &#8211; \u00c9conomie (D1)<\/p>\n<p>[\/vc_column_text][\/vc_column_inner][\/vc_row_inner][\/vc_column][\/vc_row][vc_row][vc_column][vc_column_text css=\u00a0\u00bb.vc_custom_1450531642390{background-color: #efefef !important;}\u00a0\u00bb]<\/p>\n<p style=\"text-align: center;\"><strong>SERVICES ADMINISTRATIFS<br \/>\n<\/strong>[\/vc_column_text][vc_row_inner][vc_column_inner width=\u00a0\u00bb1\/6&Prime;][vc_column_text]<\/p>\n<p style=\"text-align: center;\">M. MATTERA<\/p>\n<p style=\"text-align: center;\">Attach\u00e9 de gestion<\/p>\n<p>[\/vc_column_text][\/vc_column_inner][vc_column_inner width=\u00a0\u00bb1\/6&Prime;][vc_column_text]<\/p>\n<p style=\"text-align: center;\">Mme SABLEREAU<br \/>\nSecr\u00e9taire de Direction[\/vc_column_text][vc_single_image image=\u00a0\u00bb3491&Prime; alignment=\u00a0\u00bbcenter\u00a0\u00bb][\/vc_column_inner][vc_column_inner width=\u00a0\u00bb1\/6&Prime;][vc_column_text]<\/p>\n<p style=\"text-align: center;\">Mme SALEM<br \/>\nCollaboratrice Comptable[\/vc_column_text][\/vc_column_inner][vc_column_inner width=\u00a0\u00bb1\/6&Prime;][vc_column_text]<\/p>\n<p style=\"text-align: center;\">Mme DELECAMBRE<br \/>\nSecr\u00e9taire[\/vc_column_text][\/vc_column_inner][vc_column_inner width=\u00a0\u00bb1\/6&Prime;][vc_column_text]<\/p>\n<p style=\"text-align: center;\">Mme GUNTZ<br \/>\nSecr\u00e9tariat &#8211; dont CPGE D1[\/vc_column_text][\/vc_column_inner][vc_column_inner width=\u00a0\u00bb1\/6&Prime;][vc_column_text]<\/p>\n<p style=\"text-align: center;\">Mme LEDUC<br \/>\nSecr\u00e9taire standardiste<\/p>\n<p>&nbsp;<\/p>\n<p style=\"text-align: center;\">Mme Seraf<br \/>\nStansardiste<\/p>\n<p>[\/vc_column_text][\/vc_column_inner][\/vc_row_inner][\/vc_column][\/vc_row][vc_row][vc_column][vc_column_text css=\u00a0\u00bb.vc_custom_1450532054066{background-color: #efefef !important;}\u00a0\u00bb]<\/p>\n<p style=\"text-align: center;\"><strong>SERVICES EDUCATIFS<br \/>\n<\/strong>[\/vc_column_text][vc_row_inner][vc_column_inner width=\u00a0\u00bb1\/6&Prime;][vc_single_image image=\u00a0\u00bb811&Prime; alignment=\u00a0\u00bbcenter\u00a0\u00bb][vc_column_text]<\/p>\n<p style=\"text-align: center;\">Mme MELETTA<br \/>\nResponsable Vie Scolaire[\/vc_column_text][\/vc_column_inner][vc_column_inner width=\u00a0\u00bb1\/6&Prime;][vc_single_image image=\u00a0\u00bb812&Prime; alignment=\u00a0\u00bbcenter\u00a0\u00bb][vc_column_text]<\/p>\n<p style=\"text-align: center;\">M. DUMAS<br \/>\nResponsable<br \/>\nPastorale[\/vc_column_text][\/vc_column_inner][vc_column_inner width=\u00a0\u00bb1\/6&Prime;][vc_single_image image=\u00a0\u00bb809&Prime; alignment=\u00a0\u00bbcenter\u00a0\u00bb][vc_column_text]<\/p>\n<p style=\"text-align: center;\">Mme GAMBS<br \/>\nCadre \u00e9ducatif<br \/>\nAdjointe Vie Scolaire[\/vc_column_text][\/vc_column_inner][vc_column_inner width=\u00a0\u00bb1\/6&Prime;][\/vc_column_inner][vc_column_inner width=\u00a0\u00bb1\/6&Prime;][\/vc_column_inner][vc_column_inner width=\u00a0\u00bb1\/6&Prime;][\/vc_column_inner][\/vc_row_inner][\/vc_column][\/vc_row][vc_row][vc_column][vc_column_text css=\u00a0\u00bb.vc_custom_1669722656505{background-color: #efefef !important;}\u00a0\u00bb]<\/p>\n<p style=\"text-align: center;\"><strong>ORGANIGRAMME FONCTIONNEL<br \/>\n<\/strong>[\/vc_column_text][\/vc_column][\/vc_row][vc_row][vc_column][vc_single_image image=\u00a0\u00bb3726&Prime; img_size=\u00a0\u00bbfull\u00a0\u00bb alignment=\u00a0\u00bbcenter\u00a0\u00bb onclick=\u00a0\u00bblink_image\u00a0\u00bb title=\u00a0\u00bbORGANIGRAMME\u00a0\u00bb][\/vc_column][\/vc_row]<\/p>\n","protected":false},"excerpt":{"rendered":"<p>[vc_row][vc_column][vc_column_text css=\u00a0\u00bb.vc_custom_1450531502038{background-color: #efefef !important;}\u00a0\u00bb]<br \/>\nDIRECTION<br \/>\n[\/vc_column_text][vc_row_inner][vc_column_inner width=\u00a0\u00bb1\/6&Prime;][vc_single_image image=\u00a0\u00bb341&Prime; alignment=\u00a0\u00bbcenter\u00a0\u00bb][vc_column_text]<br \/>\nM. FAIVRE<br \/>\nChef d&rsquo;\u00e9tablissement Coll\u00e8ge et Lyc\u00e9e<br \/>\nCoordinateur Ensemble Scolaire<br \/>\n[\/vc_column_text][\/vc_column_inner][vc_column_inner width=\u00a0\u00bb1\/6&Prime;][vc_single_image image=\u00a0\u00bb2752&Prime; alignment=\u00a0\u00bbcenter\u00a0\u00bb][vc_column_text]<br \/>\nMme DO LIVRAMENTO CAVELIER<br \/>\nChef d&rsquo;Etablissement Ecole Primaire[\/vc_column_text][\/vc_column_inner][vc_column_inner width=\u00a0\u00bb1\/6&Prime;][vc_single_image image=\u00a0\u00bb1604&Prime; alignment=\u00a0\u00bbcenter\u00a0\u00bb][vc_column_text]<br \/>\nMme BOTTON<br \/>\nDirectrice Adjointe[\/vc_column_text][\/vc_column_inner][vc_column_inner width=\u00a0\u00bb1\/6&Prime;][vc_single_image image=\u00a0\u00bb2997&Prime; add_caption=\u00a0\u00bbyes\u00a0\u00bb alignment=\u00a0\u00bbcenter\u00a0\u00bb][vc_column_text]<br \/>\nMme CASTELAIN Responsable de la Pr\u00e9pa Droit &#8211; \u00c9conomie (D1)<br \/>\n[\/vc_column_text][\/vc_column_inner][vc_column_inner width=\u00a0\u00bb1\/6&Prime;][vc_column_text]<br \/>\nM. KONIG<br \/>\nResponsable de la 2e ann\u00e9e de la Pr\u00e9pa Droit &#8211; \u00c9conomie (D1)<br \/>\n[\/vc_column_text][\/vc_column_inner][\/vc_row_inner][\/vc_column][\/vc_row][vc_row][vc_column][vc_column_text css=\u00a0\u00bb.vc_custom_1450531642390{background-color: #efefef !important;}\u00a0\u00bb]<br \/>\nSERVICES ADMINISTRATIFS<br \/>\n[\/vc_column_text][vc_row_inner][vc_column_inner width=\u00a0\u00bb1\/6&Prime;][vc_column_text]<br \/>\nM. MATTERA<br \/>\nAttach\u00e9 de &#8230;<\/p>\n","protected":false},"author":1,"featured_media":0,"parent":0,"menu_order":0,"comment_status":"closed","ping_status":"closed","template":"template_leftnav.php","meta":{"_links_to":"","_links_to_target":""},"_links":{"self":[{"href":"https:\/\/stanislas-nice.com\/site\/wp-json\/wp\/v2\/pages\/58"}],"collection":[{"href":"https:\/\/stanislas-nice.com\/site\/wp-json\/wp\/v2\/pages"}],"about":[{"href":"https:\/\/stanislas-nice.com\/site\/wp-json\/wp\/v2\/types\/page"}],"author":[{"embeddable":true,"href":"https:\/\/stanislas-nice.com\/site\/wp-json\/wp\/v2\/users\/1"}],"replies":[{"embeddable":true,"href":"https:\/\/stanislas-nice.com\/site\/wp-json\/wp\/v2\/comments?post=58"}],"version-history":[{"count":90,"href":"https:\/\/stanislas-nice.com\/site\/wp-json\/wp\/v2\/pages\/58\/revisions"}],"predecessor-version":[{"id":3971,"href":"https:\/\/stanislas-nice.com\/site\/wp-json\/wp\/v2\/pages\/58\/revisions\/3971"}],"wp:attachment":[{"href":"https:\/\/stanislas-nice.com\/site\/wp-json\/wp\/v2\/media?parent=58"}],"curies":[{"name":"wp","href":"https:\/\/api.w.org\/{rel}","templated":true}]}}