{"id":647,"date":"2016-06-24T18:03:01","date_gmt":"2016-06-24T17:03:01","guid":{"rendered":"http:\/\/stanislas-nice.com\/site\/?page_id=647"},"modified":"2022-04-08T10:03:21","modified_gmt":"2022-04-08T09:03:21","slug":"suivi-et-evaluation-au-college","status":"publish","type":"page","link":"https:\/\/stanislas-nice.com\/site\/suivi-et-evaluation-au-college\/","title":{"rendered":"Suivi et \u00e9valuation au Coll\u00e8ge"},"content":{"rendered":"<p>[vc_row][vc_column][vc_column_text]<\/p>\n<h2 style=\"text-align: center;\">Suivi et \u00e9valuation au Coll\u00e8ge<\/h2>\n<p>[\/vc_column_text][vc_separator style=\u00a0\u00bbdouble\u00a0\u00bb][\/vc_column][\/vc_row][vc_row][vc_column width=\u00a0\u00bb1\/2&Prime;][vc_column_text]<\/p>\n<h4>LES CONTROLES<\/h4>\n<p>\u2022 Les \u00e9valuations sont faites dans toutes les mati\u00e8res<br \/>\n\u2022 Les compositions sont propos\u00e9es dans les mati\u00e8res d\u2019examen et dans les m\u00eames conditions, \u00e0 partir de la classe de 4<sup>e<\/sup>, 2 fois dans l\u2019ann\u00e9e.<\/p>\n<h4>LES NOTES<\/h4>\n<p>\u2022 Les notes sont accessibles sur \u00c9cole Directe<br \/>\n\u2022 1 bulletin est \u00e9dit\u00e9 par trimestre avec les moyennes, comp\u00e9tences, parcours et appr\u00e9ciations<\/p>\n<p>L\u2019\u00e9valuation en 6<sup>e<\/sup> se fait uniquement par comp\u00e9tences (pas de notes)[\/vc_column_text][\/vc_column][vc_column width=\u00a0\u00bb1\/2&Prime;][vc_column_text]<\/p>\n<h4>LES REUNIONS<\/h4>\n<p><strong>PARENTS- PROFESSEURS<\/strong><br \/>\nPour chaque niveau en d\u00e9cembre ou janvier<\/p>\n<p><strong>CONSEILS DE CLASSE :<\/strong><br \/>\nOctobre : premier avis sur la classe (conseils d&rsquo;ambiance)<br \/>\nD\u00e9cembre, Mars, Mai-Juin : bilan du trimestre (conseils trimestriels)<br \/>\nFin f\u00e9vrier &#8211; d\u00e9but mars : pr\u00e9-orientation 3e[\/vc_column_text][\/vc_column][\/vc_row]<\/p>\n","protected":false},"excerpt":{"rendered":"<p>[vc_row][vc_column][vc_column_text]<br \/>\nSuivi et \u00e9valuation au Coll\u00e8ge<br \/>\n[\/vc_column_text][vc_separator style=\u00a0\u00bbdouble\u00a0\u00bb][\/vc_column][\/vc_row][vc_row][vc_column width=\u00a0\u00bb1\/2&Prime;][vc_column_text]<br \/>\nLES CONTROLES<br \/>\n\u2022 Les \u00e9valuations sont faites dans toutes les mati\u00e8res<br \/>\n\u2022 Les compositions sont propos\u00e9es dans les mati\u00e8res d\u2019examen et dans les m\u00eames conditions, \u00e0 partir de la classe de 4e, 2 fois dans l\u2019ann\u00e9e.<br \/>\nLES NOTES<br \/>\n\u2022 Les notes sont accessibles sur \u00c9cole Directe<br \/>\n\u2022 1 bulletin est \u00e9dit\u00e9 par trimestre avec les moyennes, comp\u00e9tences, parcours et appr\u00e9ciations<br \/>\nL\u2019\u00e9valuation en 6e se fait uniquement par comp\u00e9tences (pas de notes)[\/vc_column_text][\/vc_column][vc_column &#8230;<\/p>\n","protected":false},"author":1,"featured_media":0,"parent":0,"menu_order":0,"comment_status":"closed","ping_status":"closed","template":"template_leftnav.php","meta":{"_links_to":"","_links_to_target":""},"_links":{"self":[{"href":"https:\/\/stanislas-nice.com\/site\/wp-json\/wp\/v2\/pages\/647"}],"collection":[{"href":"https:\/\/stanislas-nice.com\/site\/wp-json\/wp\/v2\/pages"}],"about":[{"href":"https:\/\/stanislas-nice.com\/site\/wp-json\/wp\/v2\/types\/page"}],"author":[{"embeddable":true,"href":"https:\/\/stanislas-nice.com\/site\/wp-json\/wp\/v2\/users\/1"}],"replies":[{"embeddable":true,"href":"https:\/\/stanislas-nice.com\/site\/wp-json\/wp\/v2\/comments?post=647"}],"version-history":[{"count":7,"href":"https:\/\/stanislas-nice.com\/site\/wp-json\/wp\/v2\/pages\/647\/revisions"}],"predecessor-version":[{"id":2845,"href":"https:\/\/stanislas-nice.com\/site\/wp-json\/wp\/v2\/pages\/647\/revisions\/2845"}],"wp:attachment":[{"href":"https:\/\/stanislas-nice.com\/site\/wp-json\/wp\/v2\/media?parent=647"}],"curies":[{"name":"wp","href":"https:\/\/api.w.org\/{rel}","templated":true}]}}