{"id":667,"date":"2016-07-07T15:32:46","date_gmt":"2016-07-07T14:32:46","guid":{"rendered":"http:\/\/stanislas-nice.com\/site\/?page_id=667"},"modified":"2022-11-22T08:07:36","modified_gmt":"2022-11-22T07:07:36","slug":"lieux-de-travail","status":"publish","type":"page","link":"https:\/\/stanislas-nice.com\/site\/lieux-de-travail\/","title":{"rendered":"Lieux de travail"},"content":{"rendered":"<p>[vc_row][vc_column][vc_column_text]<\/p>\n<h2 style=\"text-align: center;\">Lieux de travail<\/h2>\n<p>[\/vc_column_text][vc_separator style=\u00a0\u00bbdouble\u00a0\u00bb][\/vc_column][\/vc_row][vc_row][vc_column][vc_column_text]<strong>Pour travailler efficacement diff\u00e9rentes salles de l&rsquo;\u00e9tablissement sont sp\u00e9cialis\u00e9es. Elles sont accessibles autant par les coll\u00e9giens que par les lyc\u00e9ens.<\/strong>[\/vc_column_text][vc_column_text]Toutes les salles de classe sont \u00e9quip\u00e9es d&rsquo;un ordinateur et d&rsquo;un vid\u00e9o-projecteur.<\/p>\n<p>18 salles sont \u00e9quip\u00e9es avec un tableau blanc interactif.<\/p>\n<p>Le centre de documentation et d&rsquo;information;<\/p>\n<p>6 laboratoires pour la physique\/chimie et la science de la vie et de la terre.<br \/>\n(2 Salles \u00e9quip\u00e9es d&rsquo;ordinateurs et 3 avec des paillasses informatiques)<\/p>\n<p>Technologie\u00a0: 3 salles dont 2 avec postes informatiques.<\/p>\n<p>2 salles multim\u00e9dia.<\/p>\n<p>2 salles pour les arts plastiques et 2 salles pour l&rsquo;\u00e9ducation musicale.[\/vc_column_text][\/vc_column][\/vc_row]<\/p>\n","protected":false},"excerpt":{"rendered":"<p>[vc_row][vc_column][vc_column_text]<br \/>\nLieux de travail<br \/>\n[\/vc_column_text][vc_separator style=\u00a0\u00bbdouble\u00a0\u00bb][\/vc_column][\/vc_row][vc_row][vc_column][vc_column_text]Pour travailler efficacement diff\u00e9rentes salles de l&rsquo;\u00e9tablissement sont sp\u00e9cialis\u00e9es. Elles sont accessibles autant par les coll\u00e9giens que par les lyc\u00e9ens.[\/vc_column_text][vc_column_text]Toutes les salles de classe sont \u00e9quip\u00e9es d&rsquo;un ordinateur et d&rsquo;un vid\u00e9o-projecteur.<br \/>\n18 salles sont \u00e9quip\u00e9es avec un tableau blanc interactif.<br \/>\nLe centre de documentation et d&rsquo;information;<br \/>\n6 laboratoires pour la physique\/chimie et la science de la vie et de la terre.<br \/>\n(2 Salles \u00e9quip\u00e9es d&rsquo;ordinateurs et 3 avec des paillasses informatiques)<br \/>\nTechnologie\u00a0: 3 salles dont &#8230;<\/p>\n","protected":false},"author":1,"featured_media":0,"parent":0,"menu_order":0,"comment_status":"closed","ping_status":"closed","template":"template_leftnav.php","meta":{"_links_to":"","_links_to_target":""},"_links":{"self":[{"href":"https:\/\/stanislas-nice.com\/site\/wp-json\/wp\/v2\/pages\/667"}],"collection":[{"href":"https:\/\/stanislas-nice.com\/site\/wp-json\/wp\/v2\/pages"}],"about":[{"href":"https:\/\/stanislas-nice.com\/site\/wp-json\/wp\/v2\/types\/page"}],"author":[{"embeddable":true,"href":"https:\/\/stanislas-nice.com\/site\/wp-json\/wp\/v2\/users\/1"}],"replies":[{"embeddable":true,"href":"https:\/\/stanislas-nice.com\/site\/wp-json\/wp\/v2\/comments?post=667"}],"version-history":[{"count":10,"href":"https:\/\/stanislas-nice.com\/site\/wp-json\/wp\/v2\/pages\/667\/revisions"}],"predecessor-version":[{"id":3123,"href":"https:\/\/stanislas-nice.com\/site\/wp-json\/wp\/v2\/pages\/667\/revisions\/3123"}],"wp:attachment":[{"href":"https:\/\/stanislas-nice.com\/site\/wp-json\/wp\/v2\/media?parent=667"}],"curies":[{"name":"wp","href":"https:\/\/api.w.org\/{rel}","templated":true}]}}