{"id":719,"date":"2016-07-12T09:53:18","date_gmt":"2016-07-12T08:53:18","guid":{"rendered":"http:\/\/stanislas-nice.com\/site\/?page_id=719"},"modified":"2022-09-23T13:48:15","modified_gmt":"2022-09-23T12:48:15","slug":"lycee-premieres","status":"publish","type":"page","link":"https:\/\/stanislas-nice.com\/site\/lycee-premieres\/","title":{"rendered":"1\u00e8re"},"content":{"rendered":"<p>[vc_row][vc_column][vc_column_text]<\/p>\n<h2 style=\"text-align: center;\">Premi\u00e8res<\/h2>\n<p>[\/vc_column_text][vc_separator style=\u00a0\u00bbdouble\u00a0\u00bb][\/vc_column][\/vc_row][vc_row][vc_column width=\u00a0\u00bb1\/2&Prime;][vc_column_text]<\/p>\n<h4>Objectifs<\/h4>\n<p>[\/vc_column_text][vc_column_text]\u2022 Permettre de d\u00e9velopper intelligence et discernement personnel<\/p>\n<p>\u2022 Permettre d&rsquo;apprendre \u00e0 comparer, juger, hi\u00e9rarchiser les sources de connaissances<\/p>\n<p>\u2022 Permettre de se situer face aux diff\u00e9rentes sources d&rsquo;information et r\u00e9agir en conscience<\/p>\n<p>\u2022 Se Soucier du meilleur d\u00e9veloppement de chacun[\/vc_column_text][\/vc_column][vc_column width=\u00a0\u00bb1\/2&Prime;][vc_column_text]<\/p>\n<h4>Horaires des cours et services<\/h4>\n<p>[\/vc_column_text][vc_message message_box_color=\u00a0\u00bbwarning\u00a0\u00bb icon_type=\u00a0\u00bbtypicons\u00a0\u00bb icon_typicons=\u00a0\u00bbtypcn typcn-chevron-right\u00a0\u00bb]Matin : 8h00 \u00e0 12h00<br \/>\nSoir : 13h50 \u00e0 17h45<\/p>\n<p>CAFETERIA r\u00e9serv\u00e9e aux lyc\u00e9ens<br \/>\nOuverture : 8h15 \u00e0 15h30[\/vc_message][\/vc_column][\/vc_row][vc_row][vc_column][vc_empty_space height=\u00a0\u00bb15px\u00a0\u00bb][vc_column_text]<\/p>\n<h4>Enseignements du tronc commun<\/h4>\n<p>[\/vc_column_text][vc_column_text]<\/p>\n<table id=\"tablepress-6\" class=\"tablepress tablepress-id-6\">\n<tbody class=\"row-hover\">\n<tr class=\"row-1 odd\">\n<td class=\"column-1\"><strong>ENSEIGNEMENTS<\/strong><\/td>\n<td class=\"column-2\"><strong>HORAIRE \u00c9L\u00c8VE<\/strong><\/td>\n<\/tr>\n<tr class=\"row-2 even\">\n<td class=\"column-1\"><strong>Enseignements Commun<\/strong><\/td>\n<td class=\"column-2\"><\/td>\n<\/tr>\n<tr class=\"row-3 odd\">\n<td class=\"column-1\">Fran\u00e7ais<\/td>\n<td class=\"column-2\">4h<\/td>\n<\/tr>\n<tr class=\"row-4 even\">\n<td class=\"column-1\">Histoire, G\u00e9ographie<\/td>\n<td class=\"column-2\">3h<\/td>\n<\/tr>\n<tr class=\"row-5 odd\">\n<td class=\"column-1\">\u00c9ducation Morale et Civique<\/td>\n<td class=\"column-2\">0,5h<\/td>\n<\/tr>\n<tr class=\"row-6 even\">\n<td class=\"column-1\">LVA Anglais<\/td>\n<td class=\"column-2\">3h<\/td>\n<\/tr>\n<tr class=\"row-7 odd\">\n<td class=\"column-1\">LVB Allemand, Espagnol, Italien<\/td>\n<td class=\"column-2\">2H<\/td>\n<\/tr>\n<tr class=\"row-8 even\">\n<td class=\"column-1\">Enseignement Scientifique<\/td>\n<td class=\"column-2\">2h<\/td>\n<\/tr>\n<tr class=\"row-9 odd\">\n<td class=\"column-1\">\u00c9ducation physique et sportive<\/td>\n<td class=\"column-2\">3h<\/td>\n<\/tr>\n<tr class=\"row-10 even\">\n<td class=\"column-1\">Culture Religieuse<\/td>\n<td class=\"column-2\">Temps forts<\/td>\n<\/tr>\n<tr class=\"row-11 odd\">\n<td class=\"column-1\"><strong>Trois sp\u00e9cialit\u00e9s de 4h sur les huit propos\u00e9es<\/strong><\/td>\n<td class=\"column-2\"><\/td>\n<\/tr>\n<tr class=\"row-12 even\">\n<td class=\"column-1\">Math\u00e9matiques<\/td>\n<td class=\"column-2\">4h<\/td>\n<\/tr>\n<tr class=\"row-13 odd\">\n<td class=\"column-1\">Physique-chimie<\/td>\n<td class=\"column-2\">4h<\/td>\n<\/tr>\n<tr class=\"row-14 even\">\n<td class=\"column-1\">Sciences de la vie et de la Terre<\/td>\n<td class=\"column-2\">4h<\/td>\n<\/tr>\n<tr class=\"row-15 odd\">\n<td class=\"column-1\">Sciences \u00e9conomiques et sociales<\/td>\n<td class=\"column-2\">4h<\/td>\n<\/tr>\n<tr class=\"row-16 even\">\n<td class=\"column-1\">Histoire-g\u00e9ographie, g\u00e9opolitique et sciences politiques<\/td>\n<td class=\"column-2\">4h<\/td>\n<\/tr>\n<tr class=\"row-17 odd\">\n<td class=\"column-1\">Langues, litt\u00e9ratures et cultures \u00e9trang\u00e8res<\/td>\n<td class=\"column-2\">4h<\/td>\n<\/tr>\n<tr class=\"row-18 even\">\n<td class=\"column-1\">Num\u00e9rique et sciences informatiques<\/td>\n<td class=\"column-2\">4h<\/td>\n<\/tr>\n<tr class=\"row-19 odd\">\n<td class=\"column-1\">Humanit\u00e9s, litt\u00e9rature et philosophie<\/td>\n<td class=\"column-2\">4h<\/td>\n<\/tr>\n<tr class=\"row-20 even\">\n<td class=\"column-1\"><strong>Une des trois sp\u00e9cialit\u00e9s doit \u00eatre abandonn\u00e9e en fin de Premi\u00e8re (\u00e9valuation par contr\u00f4le continu).<\/strong><\/td>\n<td class=\"column-2\"><\/td>\n<\/tr>\n<tr class=\"row-21 odd\">\n<td class=\"column-1\"><\/td>\n<td class=\"column-2\"><\/td>\n<\/tr>\n<tr class=\"row-22 even\">\n<td class=\"column-1\"><strong>UNE DOUZAINE DE MENUS ENVISAGEABLES EN PREMIERE<\/strong><\/td>\n<td class=\"column-2\"><\/td>\n<\/tr>\n<tr class=\"row-23 odd\">\n<td class=\"column-1\">\u25a0\tMaths \u2013 Phy \u2013 SVT <\/td>\n<td class=\"column-2\"><\/td>\n<\/tr>\n<tr class=\"row-24 even\">\n<td class=\"column-1\">\u25a0\tMaths \u2013 NSI \u2013 Phy<\/td>\n<td class=\"column-2\"><\/td>\n<\/tr>\n<tr class=\"row-25 odd\">\n<td class=\"column-1\">\u25a0\tMaths \u2013 NSI \u2013 SVT<\/td>\n<td class=\"column-2\"><\/td>\n<\/tr>\n<tr class=\"row-26 even\">\n<td class=\"column-1\">\u25a0\tMaths \u2013 SES \u2013 HGGSP<\/td>\n<td class=\"column-2\"><\/td>\n<\/tr>\n<tr class=\"row-27 odd\">\n<td class=\"column-1\">\u25a0\tMaths \u2013 SES \u2013 HLP<\/td>\n<td class=\"column-2\"><\/td>\n<\/tr>\n<tr class=\"row-28 even\">\n<td class=\"column-1\">\u25a0\tMaths \u2013 SES \u2013 LLCE<\/td>\n<td class=\"column-2\"><\/td>\n<\/tr>\n<tr class=\"row-29 odd\">\n<td class=\"column-1\">\u25a0\tLLCE \u2013 SES \u2013 HGGSP<\/td>\n<td class=\"column-2\"><\/td>\n<\/tr>\n<tr class=\"row-30 even\">\n<td class=\"column-1\">\u25a0\tNSI \u2013 SES \u2013 HGGSP<\/td>\n<td class=\"column-2\"><\/td>\n<\/tr>\n<tr class=\"row-31 odd\">\n<td class=\"column-1\">\u25a0\tHLP \u2013 SES \u2013 LLCE<\/td>\n<td class=\"column-2\"><\/td>\n<\/tr>\n<tr class=\"row-32 even\">\n<td class=\"column-1\">\u25a0\tHLP \u2013 SES \u2013 HGGSP<\/td>\n<td class=\"column-2\"><\/td>\n<\/tr>\n<tr class=\"row-33 odd\">\n<td class=\"column-1\">\u25a0\tHLP \u2013 HGGSP \u2013 LLCE<\/td>\n<td class=\"column-2\"><\/td>\n<\/tr>\n<tr class=\"row-34 even\">\n<td class=\"column-1\">\u25a0\tMaths \u2013 Phy &#8211; SES<\/td>\n<td class=\"column-2\"><\/td>\n<\/tr>\n<tr class=\"row-35 odd\">\n<td class=\"column-1\"><\/td>\n<td class=\"column-2\"><\/td>\n<\/tr>\n<tr class=\"row-36 even\">\n<td class=\"column-1\"><strong>Accompagnements<\/strong><\/td>\n<td class=\"column-2\"><\/td>\n<\/tr>\n<tr class=\"row-37 odd\">\n<td class=\"column-1\">Accompagnement personnalis\u00e9<\/td>\n<td class=\"column-2\">Horaires adapt\u00e9s<\/td>\n<\/tr>\n<tr class=\"row-38 even\">\n<td class=\"column-1\">Accompagnement au choix de l&rsquo;orientation<\/td>\n<td class=\"column-2\">Horaires adapt\u00e9s<\/td>\n<\/tr>\n<tr class=\"row-39 odd\">\n<td class=\"column-1\">Heures de vie de classe<\/td>\n<td class=\"column-2\">Horaires adapt\u00e9s<\/td>\n<\/tr>\n<\/tbody>\n<\/table>\n<p><!-- #tablepress-6 from cache -->[\/vc_column_text][vc_column_text]<\/p>\n<h2 style=\"text-align: center;\"><strong>OPTIONS PROPOSEES EN LYCEE<\/strong><\/h2>\n<p><strong>Jusqu\u2019\u00e0 deux options possibles au Baccalaur\u00e9at.<\/strong><\/p>\n<p><strong>L\u2019\u00c9ducation Nationale ne permet pas de s\u2019inscrire au Baccalaur\u00e9at simultan\u00e9ment dans deux options 1 ou dans deux options 2.<\/strong><\/p>\n<p><strong>ATTENTION : CUMULER DANS UN EMPLOI DU TEMPS DE TERMINALE UN ENSEIGNEMENT OPTIONNEL PLUS DEUX OPTIONS EST SOUVENT IMPOSSIBLE DU FAIT DES CONTRAINTES LOURDES IMPOSEES PAR LES SPECIALITES.<\/strong><\/p>\n<p><strong>OPTION 1 \u2013 2 \u00e0 3h<\/strong><\/p>\n<p><strong>\u00a0\u00a0\u00a0\u00a0\u00a0\u00a0\u00a0\u00a0\u00a0\u00a0\u00a0\u00a0\u00a0\u00a0\u00a0 &#8211; MUSIQUE<\/strong><\/p>\n<p><strong>\u00a0\u00a0\u00a0\u00a0\u00a0\u00a0\u00a0\u00a0\u00a0\u00a0\u00a0\u00a0\u00a0\u00a0\u00a0 &#8211; ARTS PLASTIQUES <\/strong><\/p>\n<p><strong>OPTION 2 : LANGUES ET CULTURES DE L\u2019ANTIQUITE \u2013 2h<\/strong><\/p>\n<p><strong>\u00a0\u00a0\u00a0\u00a0\u00a0\u00a0\u00a0\u00a0\u00a0\u00a0\u00a0\u00a0\u00a0\u00a0\u00a0 &#8211; LATIN<\/strong><\/p>\n<p><strong>\u00a0\u00a0\u00a0\u00a0\u00a0\u00a0\u00a0\u00a0\u00a0\u00a0\u00a0\u00a0\u00a0\u00a0\u00a0 &#8211; GREC (d\u00e9butants en 2de)<\/strong><\/p>\n<p><strong>SECTION EUROPENNE (Anglais) \u2013 2h<\/strong><\/p>\n<p><strong>\u00a0<\/strong><strong>Les \u00e9l\u00e8ves qui souhaiteraient suivre une langue vivante C (3<sup>\u00e8me<\/sup> langue vivante) dans la perspective du Baccalaur\u00e9at peuvent le faire (ils ne pourront pas alors suivre une autre \u00ab\u00a0option 1\u00a0\u00bb), \u00e0 condition que l\u2019enseignement \u00e0 distance de cette langue soit pr\u00e9vu par le CNED (Centre National d\u2019Enseignement \u00e0 Distance). Ils s\u2019inscriront alors aupr\u00e8s du CNED et communiqueront chaque fin de trimestre les relev\u00e9s de notes au secr\u00e9tariat de Stanislas pour les faire int\u00e9grer dans les bulletins de l\u2019\u00e9tablissement.<\/strong>[\/vc_column_text][vc_message message_box_color=\u00a0\u00bbwarning\u00a0\u00bb]Directrice Adjointe : Mme BOTTON[\/vc_message][\/vc_column][\/vc_row]<\/p>\n","protected":false},"excerpt":{"rendered":"<p>[vc_row][vc_column][vc_column_text]<br \/>\nPremi\u00e8res<br \/>\n[\/vc_column_text][vc_separator style=\u00a0\u00bbdouble\u00a0\u00bb][\/vc_column][\/vc_row][vc_row][vc_column width=\u00a0\u00bb1\/2&Prime;][vc_column_text]<br \/>\nObjectifs<br \/>\n[\/vc_column_text][vc_column_text]\u2022 Permettre de d\u00e9velopper intelligence et discernement personnel<br \/>\n\u2022 Permettre d&rsquo;apprendre \u00e0 comparer, juger, hi\u00e9rarchiser les sources de connaissances<br \/>\n\u2022 Permettre de se situer face aux diff\u00e9rentes sources d&rsquo;information et r\u00e9agir en conscience<br \/>\n\u2022 Se Soucier du meilleur d\u00e9veloppement de chacun[\/vc_column_text][\/vc_column][vc_column width=\u00a0\u00bb1\/2&Prime;][vc_column_text]<br \/>\nHoraires des cours et services<br \/>\n[\/vc_column_text][vc_message message_box_color=\u00a0\u00bbwarning\u00a0\u00bb icon_type=\u00a0\u00bbtypicons\u00a0\u00bb icon_typicons=\u00a0\u00bbtypcn typcn-chevron-right\u00a0\u00bb]Matin : 8h00 \u00e0 12h00<br \/>\nSoir : 13h50 \u00e0 17h45<br \/>\nCAFETERIA r\u00e9serv\u00e9e aux lyc\u00e9ens<br \/>\nOuverture : 8h15 \u00e0 15h30[\/vc_message][\/vc_column][\/vc_row][vc_row][vc_column][vc_empty_space height=\u00a0\u00bb15px\u00a0\u00bb][vc_column_text]<br \/>\nEnseignements du tronc &#8230;<\/p>\n","protected":false},"author":1,"featured_media":0,"parent":0,"menu_order":0,"comment_status":"closed","ping_status":"closed","template":"template_leftnav.php","meta":{"_links_to":"","_links_to_target":""},"_links":{"self":[{"href":"https:\/\/stanislas-nice.com\/site\/wp-json\/wp\/v2\/pages\/719"}],"collection":[{"href":"https:\/\/stanislas-nice.com\/site\/wp-json\/wp\/v2\/pages"}],"about":[{"href":"https:\/\/stanislas-nice.com\/site\/wp-json\/wp\/v2\/types\/page"}],"author":[{"embeddable":true,"href":"https:\/\/stanislas-nice.com\/site\/wp-json\/wp\/v2\/users\/1"}],"replies":[{"embeddable":true,"href":"https:\/\/stanislas-nice.com\/site\/wp-json\/wp\/v2\/comments?post=719"}],"version-history":[{"count":15,"href":"https:\/\/stanislas-nice.com\/site\/wp-json\/wp\/v2\/pages\/719\/revisions"}],"predecessor-version":[{"id":3037,"href":"https:\/\/stanislas-nice.com\/site\/wp-json\/wp\/v2\/pages\/719\/revisions\/3037"}],"wp:attachment":[{"href":"https:\/\/stanislas-nice.com\/site\/wp-json\/wp\/v2\/media?parent=719"}],"curies":[{"name":"wp","href":"https:\/\/api.w.org\/{rel}","templated":true}]}}