{"id":746,"date":"2016-07-12T13:05:13","date_gmt":"2016-07-12T12:05:13","guid":{"rendered":"http:\/\/stanislas-nice.com\/site\/?page_id=746"},"modified":"2022-11-30T09:05:16","modified_gmt":"2022-11-30T08:05:16","slug":"lycee-evaluations","status":"publish","type":"page","link":"https:\/\/stanislas-nice.com\/site\/lycee-evaluations\/","title":{"rendered":"Suivi et \u00e9valuation au Lyc\u00e9e"},"content":{"rendered":"<p>[vc_row][vc_column][vc_column_text]<\/p>\n<h2 style=\"text-align: center;\">Suivi et \u00e9valuation au lyc\u00e9e<\/h2>\n<p>[\/vc_column_text][vc_separator style=\u00a0\u00bbdouble\u00a0\u00bb][vc_column_text]<\/p>\n<h3><strong>LES \u00c9VALUATIONS<\/strong><\/h3>\n<p>Les \u00e9valuations sont faites dans toutes les mati\u00e8res<br \/>\nLes compositions sont propos\u00e9es dans les mati\u00e8res d\u2019examen et dans les m\u00eames conditions, \u00e0 partir de la classe de 4e, 2 fois dans l\u2019ann\u00e9e.<\/p>\n<h3><strong>LES NOTES<\/strong><\/h3>\n<p>Les notes sont accessibles sur \u00c9cole Directe<br \/>\n1 bulletin est \u00e9dit\u00e9 par trimestre avec les moyennes, parcours et appr\u00e9ciations<\/p>\n<h3><strong>LES R\u00c9UNIONS<\/strong><\/h3>\n<p><strong>PARENTS- PROFESSEURS<\/strong><br \/>\nPour chaque niveau en janvier avec prise de rendez-vous en ligne<\/p>\n<p><strong>CONSEILS DE CLASSE :<\/strong><br \/>\nOctobre- novembre : premier avis sur la classe (conseils d\u2019ambiance)<\/p>\n<p>D\u00e9cembre, Mars, Mai-Juin : bilan du trimestre (conseils trimestriels)<\/p>\n<p>Fin f\u00e9vrier \u2013 d\u00e9but mars : pr\u00e9-orientation[\/vc_column_text][\/vc_column][\/vc_row]<\/p>\n","protected":false},"excerpt":{"rendered":"<p>[vc_row][vc_column][vc_column_text]<br \/>\nSuivi et \u00e9valuation au lyc\u00e9e<br \/>\n[\/vc_column_text][vc_separator style=\u00a0\u00bbdouble\u00a0\u00bb][vc_column_text]<br \/>\nLES \u00c9VALUATIONS<br \/>\nLes \u00e9valuations sont faites dans toutes les mati\u00e8res<br \/>\nLes compositions sont propos\u00e9es dans les mati\u00e8res d\u2019examen et dans les m\u00eames conditions, \u00e0 partir de la classe de 4e, 2 fois dans l\u2019ann\u00e9e.<br \/>\nLES NOTES<br \/>\nLes notes sont accessibles sur \u00c9cole Directe<br \/>\n1 bulletin est \u00e9dit\u00e9 par trimestre avec les moyennes, parcours et appr\u00e9ciations<br \/>\nLES R\u00c9UNIONS<br \/>\nPARENTS- PROFESSEURS<br \/>\nPour chaque niveau en janvier avec prise de rendez-vous en ligne<br \/>\nCONSEILS DE &#8230;<\/p>\n","protected":false},"author":1,"featured_media":0,"parent":0,"menu_order":0,"comment_status":"closed","ping_status":"closed","template":"template_leftnav.php","meta":{"_links_to":"","_links_to_target":""},"_links":{"self":[{"href":"https:\/\/stanislas-nice.com\/site\/wp-json\/wp\/v2\/pages\/746"}],"collection":[{"href":"https:\/\/stanislas-nice.com\/site\/wp-json\/wp\/v2\/pages"}],"about":[{"href":"https:\/\/stanislas-nice.com\/site\/wp-json\/wp\/v2\/types\/page"}],"author":[{"embeddable":true,"href":"https:\/\/stanislas-nice.com\/site\/wp-json\/wp\/v2\/users\/1"}],"replies":[{"embeddable":true,"href":"https:\/\/stanislas-nice.com\/site\/wp-json\/wp\/v2\/comments?post=746"}],"version-history":[{"count":11,"href":"https:\/\/stanislas-nice.com\/site\/wp-json\/wp\/v2\/pages\/746\/revisions"}],"predecessor-version":[{"id":3201,"href":"https:\/\/stanislas-nice.com\/site\/wp-json\/wp\/v2\/pages\/746\/revisions\/3201"}],"wp:attachment":[{"href":"https:\/\/stanislas-nice.com\/site\/wp-json\/wp\/v2\/media?parent=746"}],"curies":[{"name":"wp","href":"https:\/\/api.w.org\/{rel}","templated":true}]}}