{"id":91,"date":"2015-06-29T19:47:28","date_gmt":"2015-06-29T18:47:28","guid":{"rendered":"http:\/\/stanislas-nice.com\/site\/?page_id=91"},"modified":"2022-09-23T10:34:02","modified_gmt":"2022-09-23T09:34:02","slug":"mentions-legales","status":"publish","type":"page","link":"https:\/\/stanislas-nice.com\/site\/mentions-legales\/","title":{"rendered":"Mentions l\u00e9gales"},"content":{"rendered":"<p>[vc_row][vc_column width=\u00a0\u00bb1\/2&Prime;][vc_column_text]<strong>Responsable \u00e9ditorial<\/strong><br \/>\nMonsieur Bernard Emmanuel FAIVRE,<br \/>\nChef d&rsquo;\u00e9tablissement lyc\u00e9e Stanislas Nice<\/p>\n<p><strong>Respect de la vie priv\u00e9e<\/strong><br \/>\nLes adresses e-mail collect\u00e9es sur ce site sont destin\u00e9es \u00e0 l&rsquo;\u00e9tablissement lyc\u00e9e Stanislas Nice, qui s&rsquo;engage \u00e0 ne pas les c\u00e9der \u00e0 des tiers.<br \/>\nVous disposez d&rsquo;un droit d&rsquo;acc\u00e8s, de rectification et de suppression des donn\u00e9es vous concernant (articles 27 et 34 de la loi du 6 janvier 1978 Informatique et Libert\u00e9s).<\/p>\n<p>Pour l&rsquo;exercer, adressez votre demande par courrier :<\/p>\n<p><strong>Institution Stanislas<\/strong><br \/>\n<strong>Monsieur Bernard Emmanuel FAIVRE<\/strong><br \/>\n<strong>25, Avenue Bieckert, BP 1425<\/strong><br \/>\n<strong>06008 NICE cedex 1<\/strong>[\/vc_column_text][\/vc_column][vc_column width=\u00a0\u00bb1\/2&Prime;][vc_column_text]<strong>H\u00e9bergeur<\/strong><br \/>\nOVH<br \/>\n140 quai du Sartel<br \/>\n59100 Roubaix<br \/>\n0899 701 761<\/p>\n<p><strong>R\u00e9alisation<\/strong><br \/>\nFG Consulting &#8211; Solutions Web[\/vc_column_text][\/vc_column][\/vc_row]<\/p>\n","protected":false},"excerpt":{"rendered":"<p>[vc_row][vc_column width=\u00a0\u00bb1\/2&Prime;][vc_column_text]Responsable \u00e9ditorial<br \/>\nMonsieur Bernard Emmanuel FAIVRE,<br \/>\nChef d&rsquo;\u00e9tablissement lyc\u00e9e Stanislas Nice<br \/>\nRespect de la vie priv\u00e9e<br \/>\nLes adresses e-mail collect\u00e9es sur ce site sont destin\u00e9es \u00e0 l&rsquo;\u00e9tablissement lyc\u00e9e Stanislas Nice, qui s&rsquo;engage \u00e0 ne pas les c\u00e9der \u00e0 des tiers.<br \/>\nVous disposez d&rsquo;un droit d&rsquo;acc\u00e8s, de rectification et de suppression des donn\u00e9es vous concernant (articles 27 et 34 de la loi du 6 janvier 1978 Informatique et Libert\u00e9s).<br \/>\nPour l&rsquo;exercer, adressez votre demande par courrier :<br \/>\nInstitution Stanislas<br \/>\nMonsieur &#8230;<\/p>\n","protected":false},"author":1,"featured_media":0,"parent":0,"menu_order":0,"comment_status":"closed","ping_status":"closed","template":"template_leftnav.php","meta":{"_links_to":"","_links_to_target":""},"_links":{"self":[{"href":"https:\/\/stanislas-nice.com\/site\/wp-json\/wp\/v2\/pages\/91"}],"collection":[{"href":"https:\/\/stanislas-nice.com\/site\/wp-json\/wp\/v2\/pages"}],"about":[{"href":"https:\/\/stanislas-nice.com\/site\/wp-json\/wp\/v2\/types\/page"}],"author":[{"embeddable":true,"href":"https:\/\/stanislas-nice.com\/site\/wp-json\/wp\/v2\/users\/1"}],"replies":[{"embeddable":true,"href":"https:\/\/stanislas-nice.com\/site\/wp-json\/wp\/v2\/comments?post=91"}],"version-history":[{"count":15,"href":"https:\/\/stanislas-nice.com\/site\/wp-json\/wp\/v2\/pages\/91\/revisions"}],"predecessor-version":[{"id":3046,"href":"https:\/\/stanislas-nice.com\/site\/wp-json\/wp\/v2\/pages\/91\/revisions\/3046"}],"wp:attachment":[{"href":"https:\/\/stanislas-nice.com\/site\/wp-json\/wp\/v2\/media?parent=91"}],"curies":[{"name":"wp","href":"https:\/\/api.w.org\/{rel}","templated":true}]}}